{"id":62,"date":"2020-08-18T11:38:46","date_gmt":"2020-08-18T14:38:46","guid":{"rendered":"https:\/\/cgsanpablo.com\/?page_id=62"},"modified":"2026-03-10T11:34:12","modified_gmt":"2026-03-10T14:34:12","slug":"contacto","status":"publish","type":"page","link":"https:\/\/cgsanpablo.com\/pt\/contacto\/","title":{"rendered":"Contato"},"content":{"rendered":"<div id=\"pl-62\"  class=\"panel-layout\" ><div id=\"pg-62-0\"  class=\"panel-grid panel-no-style\" ><div id=\"pgc-62-0-0\"  class=\"panel-grid-cell\" ><div id=\"panel-62-0-0-0\" class=\"so-panel widget widget_text panel-first-child\" data-index=\"0\" ><h3 class=\"widget-title\">Assist\u00eancia:<\/h3>\t\t\t<div class=\"textwidget\"><p>Segunda a Sexta das 09h:00min \u00e0s 15h:00min<br \/>\nTel: (5511) 2879 6600 (SOLO CHAT)<br \/>\nEmail: cgsanpablo@mrree.gub.uy<\/p>\n<p><strong>*Para agendar um hor\u00e1rio, entre em contato conosco por e-mail.<\/strong><\/p>\n<\/div>\n\t\t<\/div><div id=\"panel-62-0-0-1\" class=\"widget_text so-panel widget widget_custom_html\" data-index=\"1\" ><div class=\"textwidget custom-html-widget\">\n<div class=\"wpcf7 no-js\" id=\"wpcf7-f2199-o1\" lang=\"pt-BR\" dir=\"ltr\" data-wpcf7-id=\"2199\">\n<div class=\"screen-reader-response\"><p role=\"status\" aria-live=\"polite\" aria-atomic=\"true\"><\/p> <ul><\/ul><\/div>\n<form action=\"\/pt\/wp-json\/wp\/v2\/pages\/62#wpcf7-f2199-o1\" method=\"post\" class=\"wpcf7-form init\" aria-label=\"Formul\u00e1rios de contato\" novalidate=\"novalidate\" data-status=\"init\" data-trp-original-action=\"\/pt\/wp-json\/wp\/v2\/pages\/62#wpcf7-f2199-o1\">\n<fieldset class=\"hidden-fields-container\"><input type=\"hidden\" name=\"_wpcf7\" value=\"2199\" \/><input type=\"hidden\" name=\"_wpcf7_version\" value=\"6.1.4\" \/><input type=\"hidden\" name=\"_wpcf7_locale\" value=\"pt_BR\" \/><input type=\"hidden\" name=\"_wpcf7_unit_tag\" value=\"wpcf7-f2199-o1\" \/><input type=\"hidden\" name=\"_wpcf7_container_post\" value=\"0\" \/><input type=\"hidden\" name=\"_wpcf7_posted_data_hash\" value=\"\" \/><input type=\"hidden\" name=\"_wpcf7_recaptcha_response\" value=\"\" \/>\n<\/fieldset>\n<p><label> Nome* <\/label><span class=\"wpcf7-form-control-wrap\" data-name=\"your-name\"><input size=\"40\" maxlength=\"400\" class=\"wpcf7-form-control wpcf7-text wpcf7-validates-as-required\" aria-required=\"true\" aria-invalid=\"false\" value=\"\" type=\"text\" name=\"your-name\" \/><\/span>\n<\/p>\n<p><label> E-mail* <\/label><span class=\"wpcf7-form-control-wrap\" data-name=\"your-email\"><input size=\"40\" maxlength=\"400\" class=\"wpcf7-form-control wpcf7-email wpcf7-validates-as-required wpcf7-text wpcf7-validates-as-email\" aria-required=\"true\" aria-invalid=\"false\" value=\"\" type=\"email\" name=\"your-email\" \/><\/span>\n<\/p>\n<p><label> Mensagem: <\/label><span class=\"wpcf7-form-control-wrap\" data-name=\"your-message\"><textarea cols=\"40\" rows=\"10\" maxlength=\"2000\" class=\"wpcf7-form-control wpcf7-textarea\" aria-invalid=\"false\" name=\"your-message\"><\/textarea><\/span>\n<\/p>\n<p><input class=\"wpcf7-form-control wpcf7-submit has-spinner\" type=\"submit\" value=\"Enviar\" \/>\n<\/p><div class=\"wpcf7-response-output\" aria-hidden=\"true\"><\/div>\n<input type=\"hidden\" name=\"trp-form-language\" value=\"pt\"\/><\/form>\n<\/div>\n<\/div><\/div><div id=\"panel-62-0-0-2\" class=\"so-panel widget widget_text panel-last-child\" data-index=\"2\" ><div id=\"contato\" class=\"panel-widget-style panel-widget-style-for-62-0-0-2\" ><h3 class=\"widget-title\">REGRAS DE CONDUTA NAS REDES SOCIAIS<\/h3>\t\t\t<div class=\"textwidget\"><p>&nbsp;<\/p>\n<p>As redes sociais do Consulado Geral do Uruguai em S\u00e3o Paulo t\u00eam como objetivo informar sobre as atividades ali desenvolvidas, por meio do estabelecimento de uma comunica\u00e7\u00e3o moderna e transparente.<br \/>\nNesse sentido, solicita-se aos usu\u00e1rios que considerem as regras de conduta indicadas abaixo.<br \/>\nMantenha um tom cort\u00eas e seja respeitoso em sua comunica\u00e7\u00e3o.<br \/>\nO Consulado Geral reserva-se o direito de remover ou denunciar mensagens que incluam:<br \/>\n\u2022 Express\u00f5es ou conte\u00fado que sejam violentos, sexistas, discriminat\u00f3rios, amea\u00e7adores, desproporcionais ou ofensivos;<br \/>\n\u2022 Dados pessoais n\u00e3o relacionados ao autor do coment\u00e1rio;<br \/>\n\u2022 Mensagens de spam ou automatizadas;<br \/>\n\u2022 Repeti\u00e7\u00e3o de mensagens n\u00e3o relacionadas ao assunto em quest\u00e3o;<br \/>\n\u2022 An\u00fancio;<br \/>\n\u2022 Conte\u00fado sujeito a direitos autorais.<br \/>\nCaso o usu\u00e1rio viole repetidamente as regras de conduta, o Consulado reserva-se o direito de silenci\u00e1-lo a qualquer momento e at\u00e9 mesmo sem justificativa.<br \/>\nLembre-se das regras de conduta estabelecidas pelas principais plataformas de m\u00eddia social:<\/p>\n<p>Instagram: <a href=\"https:\/\/transparency.meta.com\/policies\/community-standards\/\">Padr\u00f5es da Comunidade | Central de Transpar\u00eancia<\/a><\/p>\n<\/div>\n\t\t<\/div><\/div><\/div><div id=\"pgc-62-0-1\"  class=\"panel-grid-cell\" ><div id=\"panel-62-0-1-0\" class=\"so-panel widget widget_text panel-first-child\" data-index=\"3\" ><h3 class=\"widget-title\">Endere\u00e7o:<\/h3>\t\t\t<div class=\"textwidget\"><p>Avenida Paulista No 1776, 9no piso<br \/>\nEdif\u00edcio Parque Avenida, CEP: 01310-200<br \/>\nJurisdi\u00e7\u00e3o:<br \/>\nEstados de S\u00e3o Paulo, Paran\u00e1, Mato Grosso e Mato Grosso do Sul.<\/p>\n<\/div>\n\t\t<\/div><div id=\"panel-62-0-1-1\" class=\"so-panel widget widget_text panel-last-child\" data-index=\"4\" ><h3 class=\"widget-title\">Mapa:<\/h3>\t\t\t<div class=\"textwidget\"><p><iframe src=\"https:\/\/www.google.com\/maps\/embed?pb=!1m18!1m12!1m3!1d3657.239283472138!2d-46.659199285022346!3d-23.55984808468365!2m3!1f0!2f0!3f0!3m2!1i1024!2i768!4f13.1!3m3!1m2!1s0x94ce59cc144c3349%3A0x45b8c9b7288f2189!2sAv.%20Paulista%2C%201776%20-%20Bela%20Vista%2C%20S%C3%A3o%20Paulo%20-%20SP%2C%2001310-200!5e0!3m2!1sen!2sbr!4v1649367278424!5m2!1sen!2sbr\" width=\"100%\" height=\"300px\" frameborder=\"0\" style=\"border:0;\" allowfullscreen=\"\" loading=\"lazy\" referrerpolicy=\"no-referrer-when-downgrade\"><\/iframe><\/p>\n<\/div>\n\t\t<\/div><\/div><\/div><div id=\"pg-62-1\"  class=\"panel-grid panel-no-style\" ><div id=\"pgc-62-1-0\"  class=\"panel-grid-cell panel-grid-cell-empty\" ><\/div><\/div><div id=\"pg-62-2\"  class=\"panel-grid panel-has-style\" ><div class=\"siteorigin-panels-stretch panel-row-style panel-row-style-for-62-2\" id=\"duvidas\" data-stretch-type=\"full\" ><div id=\"pgc-62-2-0\"  class=\"panel-grid-cell\" ><div id=\"panel-62-2-0-0\" class=\"so-panel widget widget_text panel-first-child panel-last-child\" data-index=\"5\" >\t\t\t<div class=\"textwidget\"><!-- Widget Shortcode --><div id=\"custom_html-5\" class=\"widget_text widget widget_custom_html widget-shortcode area-arbitrary\"><div class=\"textwidget custom-html-widget\"><div class=\"container\">\r\n    <div class=\"row\">\r\n        <div class=\"col-sm-6\">\r\n            <h3>Ficou com alguma d\u00favida?<\/h3>\r\n        <\/div>\r\n        <div class=\"col-sm-6\">\r\n            <a href=\"https:\/\/cgsanpablo.com\/pt\/preguntas-frecuentes\/\"><button class=\"btn btn-primary\">Veja a lista de perguntas frequentes.<\/button><\/a>\r\n        <\/div>\r\n    <\/div>\r\n<\/div><\/div><\/div><!-- \/Widget Shortcode -->\n<\/div>\n\t\t<\/div><\/div><\/div><\/div><\/div>","protected":false},"excerpt":{"rendered":"<p>Lunes a Viernes de 9:00 a 15:00 Tel: (5511) 2879 6600 (SOLO CHAT) Email: cgsanpablo@mrree.gub.uy *Para agendar un horario debe [&hellip;]<\/p>","protected":false},"author":1,"featured_media":176,"parent":0,"menu_order":6,"comment_status":"closed","ping_status":"closed","template":"","meta":{"_acf_changed":false,"footnotes":""},"class_list":["post-62","page","type-page","status-publish","has-post-thumbnail","hentry"],"acf":[],"_links":{"self":[{"href":"https:\/\/cgsanpablo.com\/pt\/wp-json\/wp\/v2\/pages\/62","targetHints":{"allow":["GET"]}}],"collection":[{"href":"https:\/\/cgsanpablo.com\/pt\/wp-json\/wp\/v2\/pages"}],"about":[{"href":"https:\/\/cgsanpablo.com\/pt\/wp-json\/wp\/v2\/types\/page"}],"author":[{"embeddable":true,"href":"https:\/\/cgsanpablo.com\/pt\/wp-json\/wp\/v2\/users\/1"}],"replies":[{"embeddable":true,"href":"https:\/\/cgsanpablo.com\/pt\/wp-json\/wp\/v2\/comments?post=62"}],"version-history":[{"count":1,"href":"https:\/\/cgsanpablo.com\/pt\/wp-json\/wp\/v2\/pages\/62\/revisions"}],"predecessor-version":[{"id":2252,"href":"https:\/\/cgsanpablo.com\/pt\/wp-json\/wp\/v2\/pages\/62\/revisions\/2252"}],"wp:featuredmedia":[{"embeddable":true,"href":"https:\/\/cgsanpablo.com\/pt\/wp-json\/wp\/v2\/media\/176"}],"wp:attachment":[{"href":"https:\/\/cgsanpablo.com\/pt\/wp-json\/wp\/v2\/media?parent=62"}],"curies":[{"name":"wp","href":"https:\/\/api.w.org\/{rel}","templated":true}]}}