{"id":58,"date":"2020-08-18T11:38:15","date_gmt":"2020-08-18T14:38:15","guid":{"rendered":"https:\/\/cgsanpablo.com\/?page_id=58"},"modified":"2025-12-08T15:19:57","modified_gmt":"2025-12-08T18:19:57","slug":"promocion-turistica","status":"publish","type":"page","link":"https:\/\/cgsanpablo.com\/pt\/promocion-turistica\/","title":{"rendered":"Informa\u00e7\u00f5es tur\u00edsticas"},"content":{"rendered":"<p><strong>Minist\u00e9rio do Turismo:<\/strong><\/p>\n<p><a href=\"https:\/\/turismo.gub.uy\/index.php\/pr\/\">https:\/\/turismo.gub.uy\/index.php\/pr\/<\/a><\/p>\n<p>O turismo \u00e9 uma importante atividade econ\u00f4mica para o Uruguai, que recebe quase toda a sua popula\u00e7\u00e3o de visitantes estrangeiros anualmente \u2013 pouco mais de 3 milh\u00f5es de pessoas visitam o Uruguai por ano.<\/p>\n<p><img loading=\"lazy\" decoding=\"async\" class=\"size-medium wp-image-407 alignright\" src=\"https:\/\/cgsanpablo.com\/wp-content\/uploads\/2020\/08\/turi-1-300x187.jpg\" alt=\"\" width=\"300\" height=\"187\" srcset=\"https:\/\/cgsanpablo.com\/wp-content\/uploads\/2020\/08\/turi-1-300x187.jpg 300w, https:\/\/cgsanpablo.com\/wp-content\/uploads\/2020\/08\/turi-1.jpg 373w\" sizes=\"auto, (max-width: 300px) 100vw, 300px\" \/>Atraindo principalmente visitantes da regi\u00e3o, mas tamb\u00e9m norte-americanos e europeus, o Uruguai \u00e9 um destino tur\u00edstico cada vez mais popular para aqueles que decidem viajar para a Am\u00e9rica do Sul.<\/p>\n<p>Considerando o papel significativo do Estado de S\u00e3o Paulo como principal emissor de turistas brasileiros e a importante conectividade a\u00e9rea entre S\u00e3o Paulo e Montevid\u00e9u, o Consulado Geral do Uruguai em S\u00e3o Paulo est\u00e1 empenhado em divulgar informa\u00e7\u00f5es sobre todos os aspectos de viagem para aqueles que desejam visitar o Uruguai.<\/p>\n<p>Em contato direto com o Minist\u00e9rio do Turismo do nosso pa\u00eds, est\u00e3o sendo tomadas medidas para continuar posicionando o Uruguai como um destino de qualidade, por meio da realiza\u00e7\u00e3o de eventos, divulga\u00e7\u00e3o de material e participa\u00e7\u00e3o em diferentes feiras de promo\u00e7\u00e3o tur\u00edstica que ocorrem neste Estado.<\/p>\n<p><strong>Uma capital que tem tudo<\/strong><\/p>\n<p>Com pouco mais de um milh\u00e3o de habitantes, Montevid\u00e9u, a capital do Uruguai, \u00e9 um ponto de partida quase obrigat\u00f3rio para quem visita o pa\u00eds.<\/p>\n<p>Com uma excelente infraestrutura de transportes, que facilita o acesso ao centro da cidade a partir do aeroporto ou do porto, a cidade oferece uma variedade de atra\u00e7\u00f5es para os visitantes.<\/p>\n<p>Os mais de 20 quil\u00f4metros de cal\u00e7ad\u00e3o \u00e0 beira-rio que atravessam diferentes bairros da cidade s\u00e3o uma atra\u00e7\u00e3o natural por excel\u00eancia, onde tomar sol \u00e0s margens do Rio da Prata \u00e9 uma das tradi\u00e7\u00f5es mais saud\u00e1veis \u200b\u200bdos moradores de Montevid\u00e9u.<\/p>\n<p>O centro hist\u00f3rico \u2013 a cidade velha \u2013 perfeitamente integrado ao centro da cidade \u00e9 outro ponto imperd\u00edvel para quem deseja vivenciar Montevid\u00e9u. Passear pelas ruas de paralelep\u00edpedos enquanto admira edif\u00edcios hist\u00f3ricos como a Prefeitura de Montevid\u00e9u ou a Plaza Matriz, se encantar com o charme da Plaza Zabala ou observar um navio entrando no porto pelo quebra-mar de Sarandi s\u00e3o apenas alguns dos segredos a serem descobertos por aqueles que atravessam o portal do tempo na Puerta de la Ciudadela (Porta da Cidadela).<\/p>\n<p><img loading=\"lazy\" decoding=\"async\" class=\"size-medium wp-image-408 alignleft\" src=\"https:\/\/cgsanpablo.com\/wp-content\/uploads\/2020\/08\/turi-2-300x249.jpg\" alt=\"\" width=\"300\" height=\"249\" srcset=\"https:\/\/cgsanpablo.com\/wp-content\/uploads\/2020\/08\/turi-2-300x249.jpg 300w, https:\/\/cgsanpablo.com\/wp-content\/uploads\/2020\/08\/turi-2.jpg 427w\" sizes=\"auto, (max-width: 300px) 100vw, 300px\" \/>Visitar o majestoso Teatro Sol\u00eds, o lend\u00e1rio Est\u00e1dio Centen\u00e1rio ou contemplar a cidade do alto do Cerro de Montevid\u00e9u s\u00e3o outros pontos imperd\u00edveis em sua lista de coisas para fazer durante sua visita a Montevid\u00e9u.<\/p>\n<p>Para os paladares mais exigentes, as op\u00e7\u00f5es culin\u00e1rias de Montevid\u00e9u est\u00e3o prontas para satisfazer. De churrascarias tradicionais com excelente carne uruguaia, harmonizada com um bom Tannat, a uva emblem\u00e1tica do Uruguai, a uma sobremesa t\u00edpica com doce de leite, o ingrediente emblem\u00e1tico do Rio da Prata, a mesa est\u00e1 posta em quase todos os cantos de Montevid\u00e9u para aqueles que desejam, seja com sede ou fome, degustar algumas das muitas virtudes da culin\u00e1ria uruguaia.<\/p>\n<p><strong>O Leste<\/strong><\/p>\n<p>As atra\u00e7\u00f5es de Montevid\u00e9u s\u00e3o apenas o come\u00e7o da jornada.<\/p>\n<p>Ap\u00f3s alguns quil\u00f4metros a leste da capital, as praias deixam de ser banhadas pelo amplo Rio da Prata e se alargam com as \u00e1guas salgadas do Oceano Atl\u00e2ntico.<\/p>\n<p>Canelones, Maldonado e Rocha s\u00e3o departamentos do Uruguai onde praia, f\u00e9rias e descanso s\u00e3o duas faces da mesma moeda.<\/p>\n<p>Com diversas atra\u00e7\u00f5es gastron\u00f4micas, hoteleiras e naturais, cada um dos resorts nesses departamentos tem muito a oferecer.<\/p>\n<p>Desde a bela Punta del Este, que se destaca na regi\u00e3o como uma cidade de divers\u00e3o, praia e luxo, at\u00e9 a exclusiva Jos\u00e9 Ignacio, o litoral de Maldonado caracteriza-se por receber, temporada ap\u00f3s temporada, milhares de turistas \u00e1vidos por f\u00e9rias do mais alto n\u00edvel.<\/p>\n<p>Em termos de n\u00famero de turistas, Rocha n\u00e3o fica muito atr\u00e1s. Com uma atmosfera mais bo\u00eamia do que Punta del Este, as praias de La Paloma, La Pedrera, Punta del Diablo e Cabo Polonio, apesar da extensa infraestrutura hoteleira, caracterizam-se por apresentarem uma menor presen\u00e7a humana.<\/p>\n<p>Suas dunas de areia quente e as grandes ondas ao longo de quase toda a costa fazem dela um destino imperd\u00edvel para os entusiastas do turismo de aventura.<\/p>\n<p><strong><img loading=\"lazy\" decoding=\"async\" class=\"aligncenter wp-image-406 size-large\" src=\"https:\/\/cgsanpablo.com\/wp-content\/uploads\/2020\/08\/turi-3-1024x228.jpg\" alt=\"\" width=\"1024\" height=\"228\" srcset=\"https:\/\/cgsanpablo.com\/wp-content\/uploads\/2020\/08\/turi-3-1024x228.jpg 1024w, https:\/\/cgsanpablo.com\/wp-content\/uploads\/2020\/08\/turi-3-300x67.jpg 300w, https:\/\/cgsanpablo.com\/wp-content\/uploads\/2020\/08\/turi-3-768x171.jpg 768w, https:\/\/cgsanpablo.com\/wp-content\/uploads\/2020\/08\/turi-3.jpg 1127w\" sizes=\"auto, (max-width: 1024px) 100vw, 1024px\" \/><\/strong><\/p>\n<p><strong>Hist\u00f3ria em cada esquina<\/strong><\/p>\n<p>Com sua culin\u00e1ria naturalmente atraente, Colonia del Sacramento \u00e9 outro destaque da oferta tur\u00edstica do Uruguai. Primeira cidade fundada no pa\u00eds e reconhecida como Patrim\u00f4nio Mundial da UNESCO, visitar Colonia del Sacramento \u00e9 quase como voltar no tempo.<\/p>\n<p>Um passeio pela cidade velha, seus diversos museus, ou um p\u00f4r do sol em seu cal\u00e7ad\u00e3o s\u00e3o algumas das atividades que podem ser realizadas em um lugar onde a hist\u00f3ria \u00e9 palp\u00e1vel em cada esquina.<\/p>\n<p><strong>E todos os outros cantos<\/strong><\/p>\n<p>Para dizer a verdade, cada um dos 19 departamentos do pa\u00eds tem atra\u00e7\u00f5es que valem a pena descobrir.<\/p>\n<p>Das \u00e1guas termais de Salto e Paysand\u00fa, a um fim de semana de sonho contemplando as serras de Lavalleja, ou \u00e0 alegria de dan\u00e7ar ao som dos ritmos tradicionais no maior festival folcl\u00f3rico da regi\u00e3o, em Tacuaremb\u00f3, cada canto do Uruguai tem algo a oferecer a quem busca conhec\u00ea-lo.<\/p>\n<p><strong>Enoturismo<\/strong><\/p>\n<p>Para os amantes do vinho, o Uruguai est\u00e1 se consolidando cada vez mais como um destino atraente para o enoturismo. Diversas vin\u00edcolas oferecem passeios e at\u00e9 mesmo hospedagem em suas instala\u00e7\u00f5es, al\u00e9m de visitas aos vinhedos, em v\u00e1rios departamentos do Uruguai.<\/p>\n<p>Links de interesse:<\/p>\n<p><strong>Marca Pa\u00eds<\/strong><\/p>\n<p><a href=\"https:\/\/marcapaisuruguay.gub.uy\/\">https:\/\/marcapaisuruguay.gub.uy\/<\/a><\/p>\n<p><strong>Vin\u00edcolas do Uruguai<\/strong><\/p>\n<p><a href=\"http:\/\/www.bodegasdeluruguay.com.uy\/enoturismo\/\">http:\/\/www.bodegasdeluruguay.com.uy\/enoturismo\/<\/a><\/p>","protected":false},"excerpt":{"rendered":"<p>Ministerio de Turismo: https:\/\/turismo.gub.uy\/index.php\/pr\/ El turismo es una importante actividad econ\u00f3mica para Uruguay, recibiendo a\u00f1o a a\u00f1o casi la totalidad [&hellip;]<\/p>","protected":false},"author":1,"featured_media":411,"parent":0,"menu_order":7,"comment_status":"closed","ping_status":"closed","template":"","meta":{"_acf_changed":false,"footnotes":""},"class_list":["post-58","page","type-page","status-publish","has-post-thumbnail","hentry"],"acf":[],"_links":{"self":[{"href":"https:\/\/cgsanpablo.com\/pt\/wp-json\/wp\/v2\/pages\/58","targetHints":{"allow":["GET"]}}],"collection":[{"href":"https:\/\/cgsanpablo.com\/pt\/wp-json\/wp\/v2\/pages"}],"about":[{"href":"https:\/\/cgsanpablo.com\/pt\/wp-json\/wp\/v2\/types\/page"}],"author":[{"embeddable":true,"href":"https:\/\/cgsanpablo.com\/pt\/wp-json\/wp\/v2\/users\/1"}],"replies":[{"embeddable":true,"href":"https:\/\/cgsanpablo.com\/pt\/wp-json\/wp\/v2\/comments?post=58"}],"version-history":[{"count":0,"href":"https:\/\/cgsanpablo.com\/pt\/wp-json\/wp\/v2\/pages\/58\/revisions"}],"wp:featuredmedia":[{"embeddable":true,"href":"https:\/\/cgsanpablo.com\/pt\/wp-json\/wp\/v2\/media\/411"}],"wp:attachment":[{"href":"https:\/\/cgsanpablo.com\/pt\/wp-json\/wp\/v2\/media?parent=58"}],"curies":[{"name":"wp","href":"https:\/\/api.w.org\/{rel}","templated":true}]}}