{"id":54,"date":"2020-08-18T11:37:20","date_gmt":"2020-08-18T14:37:20","guid":{"rendered":"https:\/\/cgsanpablo.com\/?page_id=54"},"modified":"2020-09-02T17:07:28","modified_gmt":"2020-09-02T20:07:28","slug":"tramites-consulares","status":"publish","type":"page","link":"https:\/\/cgsanpablo.com\/pt\/tramites-consulares\/","title":{"rendered":"Tr\u00e2mites Consulares"},"content":{"rendered":"<div id=\"pl-54\"  class=\"panel-layout\" ><div id=\"pg-54-0\"  class=\"panel-grid panel-no-style\" ><div id=\"pgc-54-0-0\"  class=\"panel-grid-cell\" ><div id=\"panel-54-0-0-0\" class=\"so-panel widget widget_themegrill_flash_blog tg-widget blog-section panel-first-child panel-last-child\" data-index=\"0\" >\n<div class=\"blog-wrapper tg-column-wrapper tg-blog-widget-layout-1\">\n    \t\t<div class=\"row\">\n\t\t\n    \t\n\t    \n\t<a href=\"https:\/\/cgsanpablo.com\/pt\/cedula-de-identidad\/\">\n\t<div class=\"tg-blog-widget col-sm-4\">\n\t\n\t\t\t\t<div class=\"post-image\">\n\t\t    <img src=\"https:\/\/cgsanpablo.com\/wp-content\/uploads\/2020\/08\/ico-cedula.png\">\t\t<\/div>\n\t\t<div class=\"blog-content\">\n\t\t\t<h3 class=\"entry-title\">C\u00e9dula de Identidade Uruguaia<\/h3>\n\t\t\t\n\t\t\t\t\t\t\n\t\t\t<div class=\"entry-summary\">\t\t\n\t\t\t\t<p>Las oficinas consulares del Uruguay realizan tr\u00e1mites de renovaci\u00f3n de c\u00e9dulas de identidad. La emisi\u00f3n de c\u00e9dulas de identidad por [&hellip;]<a class=\"readmore\" href=\"https:\/\/cgsanpablo.com\/pt\/cedula-de-identidad\/\">&nbsp;Read More<\/a><\/p>\n\t\t\t<\/div>\n\t\t\t\t\t<\/div>\n\t<\/div><\/a>\n\t    \n\t<a href=\"https:\/\/cgsanpablo.com\/pt\/documentacion-de-viaje\/\">\n\t<div class=\"tg-blog-widget col-sm-4\">\n\t\n\t\t\t\t<div class=\"post-image\">\n\t\t    <img src=\"https:\/\/cgsanpablo.com\/wp-content\/uploads\/2020\/08\/ico-viaje.png\">\t\t<\/div>\n\t\t<div class=\"blog-content\">\n\t\t\t<h3 class=\"entry-title\">Documentos para viagem<\/h3>\n\t\t\t\n\t\t\t\t\t\t\n\t\t\t<div class=\"entry-summary\">\t\t\n\t\t\t\t<p>Para viajar para o Uruguai \u00e9 necess\u00e1rio apresentar certos documentos de viagem. Para os pa\u00edses membros do MERCOSUL, um documento de identidade v\u00e1lido \u00e9 suficiente [...]<a class=\"readmore\" href=\"https:\/\/cgsanpablo.com\/pt\/documentacion-de-viaje\/\">&nbsp;Read More<\/a><\/p>\n\t\t\t<\/div>\n\t\t\t\t\t<\/div>\n\t<\/div><\/a>\n\t    \n\t<a href=\"https:\/\/cgsanpablo.com\/pt\/certificado-de-nacionalidad-o-ciudadania-uruguaya\/\">\n\t<div class=\"tg-blog-widget col-sm-4\">\n\t\n\t\t\t\t<div class=\"post-image\">\n\t\t    <img src=\"https:\/\/cgsanpablo.com\/wp-content\/uploads\/2020\/08\/ico-certificado.png\">\t\t<\/div>\n\t\t<div class=\"blog-content\">\n\t\t\t<h3 class=\"entry-title\">Certificado de Nacionalidade ou Cidadania Uruguaia<\/h3>\n\t\t\t\n\t\t\t\t\t\t\n\t\t\t<div class=\"entry-summary\">\t\t\n\t\t\t\t<p>Documenta\u00e7\u00e3o necess\u00e1ria: O formul\u00e1rio \"Certificado de Nacionalidade ou Cidadania\" deve ser preenchido apenas por cidad\u00e3os uruguaios. Este documento \u00e9 solicitado por [\u2026]<a class=\"readmore\" href=\"https:\/\/cgsanpablo.com\/pt\/certificado-de-nacionalidad-o-ciudadania-uruguaya\/\">&nbsp;Read More<\/a><\/p>\n\t\t\t<\/div>\n\t\t\t\t\t<\/div>\n\t<\/div><\/a>\n\t    \n\t<a href=\"https:\/\/cgsanpablo.com\/pt\/certificado-de-antecedentes-penales\/\">\n\t<div class=\"tg-blog-widget col-sm-4\">\n\t\n\t\t\t\t<div class=\"post-image\">\n\t\t    <img src=\"https:\/\/cgsanpablo.com\/wp-content\/uploads\/2020\/08\/ico-certificado.png\">\t\t<\/div>\n\t\t<div class=\"blog-content\">\n\t\t\t<h3 class=\"entry-title\">Certificado de Antecedentes Judiciais\/Criminais<\/h3>\n\t\t\t\n\t\t\t\t\t\t\n\t\t\t<div class=\"entry-summary\">\t\t\n\t\t\t\t<p>Com o intuito de iniciar o procedimento de resid\u00eancia legal no Brasil, \u00e9 de praxe exigir um certificado de antecedentes judiciais\/penais uruguaio. Por isso, o Consulado Geral [...]<a class=\"readmore\" href=\"https:\/\/cgsanpablo.com\/pt\/certificado-de-antecedentes-penales\/\">&nbsp;Read More<\/a><\/p>\n\t\t\t<\/div>\n\t\t\t\t\t<\/div>\n\t<\/div><\/a>\n\t    \n\t<a href=\"https:\/\/cgsanpablo.com\/pt\/emision-certificados-de-existencia\/\">\n\t<div class=\"tg-blog-widget col-sm-4\">\n\t\n\t\t\t\t<div class=\"post-image\">\n\t\t    <img src=\"https:\/\/cgsanpablo.com\/wp-content\/uploads\/2020\/08\/ico-emision.png\">\t\t<\/div>\n\t\t<div class=\"blog-content\">\n\t\t\t<h3 class=\"entry-title\">Emiss\u00e3o de Certificados de Exist\u00eancia<\/h3>\n\t\t\t\n\t\t\t\t\t\t\n\t\t\t<div class=\"entry-summary\">\t\t\n\t\t\t\t<p>Todas aquelas pessoas que desejarem cobrar a sua aposentadoria ou pens\u00e3o e que residam fora da Rep\u00fablica dever\u00e3o se apresentar [...]<a class=\"readmore\" href=\"https:\/\/cgsanpablo.com\/pt\/emision-certificados-de-existencia\/\">&nbsp;Read More<\/a><\/p>\n\t\t\t<\/div>\n\t\t\t\t\t<\/div>\n\t<\/div><\/a>\n\t    \n\t<a href=\"https:\/\/cgsanpablo.com\/pt\/emision-de-partidas\/\">\n\t<div class=\"tg-blog-widget col-sm-4\">\n\t\n\t\t\t\t<div class=\"post-image\">\n\t\t    <img src=\"https:\/\/cgsanpablo.com\/wp-content\/uploads\/2020\/08\/ico-partidas.png\">\t\t<\/div>\n\t\t<div class=\"blog-content\">\n\t\t\t<h3 class=\"entry-title\">Emiss\u00e3o de Certid\u00f5es<\/h3>\n\t\t\t\n\t\t\t\t\t\t\n\t\t\t<div class=\"entry-summary\">\t\t\n\t\t\t\t<p>O Consulado realiza os seguintes documentos no Uruguai: certid\u00e3o de nascimento, certid\u00e3o de casamento, certid\u00e3o de \u00f3bito.<a class=\"readmore\" href=\"https:\/\/cgsanpablo.com\/pt\/emision-de-partidas\/\">&nbsp;Read More<\/a><\/p>\n\t\t\t<\/div>\n\t\t\t\t\t<\/div>\n\t<\/div><\/a>\n\t    \n\t<a href=\"https:\/\/cgsanpablo.com\/pt\/solicitudes-de-visa\/\">\n\t<div class=\"tg-blog-widget col-sm-4\">\n\t\n\t\t\t\t<div class=\"post-image\">\n\t\t    <img src=\"https:\/\/cgsanpablo.com\/wp-content\/uploads\/2020\/08\/ico-visa.png\">\t\t<\/div>\n\t\t<div class=\"blog-content\">\n\t\t\t<h3 class=\"entry-title\">Aplica\u00e7\u00e3o do visto<\/h3>\n\t\t\t\n\t\t\t\t\t\t\n\t\t\t<div class=\"entry-summary\">\t\t\n\t\t\t\t<p>Os cidad\u00e3os dos pa\u00edses listados em (https:\/\/www.gub.uy\/ministerio-interior\/comunicacion\/publicaciones\/regimen-visas-admision) precisam de visto para entrar no Uruguai. Este procedimento \u00e9 [\u2026]<a class=\"readmore\" href=\"https:\/\/cgsanpablo.com\/pt\/solicitudes-de-visa\/\">&nbsp;Read More<\/a><\/p>\n\t\t\t<\/div>\n\t\t\t\t\t<\/div>\n\t<\/div><\/a>\n\t    \n\t<a href=\"https:\/\/cgsanpablo.com\/pt\/solicitud-de-residencia-permanente-en-uruguay-2\/\">\n\t<div class=\"tg-blog-widget col-sm-4\">\n\t\n\t\t\t\t<div class=\"post-image\">\n\t\t    <img src=\"https:\/\/cgsanpablo.com\/wp-content\/uploads\/2020\/08\/ico-solicitud.png\">\t\t<\/div>\n\t\t<div class=\"blog-content\">\n\t\t\t<h3 class=\"entry-title\">Solicita\u00e7\u00e3o de Resid\u00eancia Permanente no Uruguai<\/h3>\n\t\t\t\n\t\t\t\t\t\t\n\t\t\t<div class=\"entry-summary\">\t\t\n\t\t\t\t<p>Este Consulado recebe consultas de estrangeiros que, de acordo com a legisla\u00e7\u00e3o uruguaia vigente, desejam residir em nosso pa\u00eds. Os requerentes [\u2026]<a class=\"readmore\" href=\"https:\/\/cgsanpablo.com\/pt\/solicitud-de-residencia-permanente-en-uruguay-2\/\">&nbsp;Read More<\/a><\/p>\n\t\t\t<\/div>\n\t\t\t\t\t<\/div>\n\t<\/div><\/a>\n\t    \n\t<a href=\"https:\/\/cgsanpablo.com\/pt\/solicitud-de-residencia-permanente-en-uruguay\/\">\n\t<div class=\"tg-blog-widget col-sm-4\">\n\t\n\t\t\t\t<div class=\"post-image\">\n\t\t    <img src=\"https:\/\/cgsanpablo.com\/wp-content\/uploads\/2020\/08\/ico-solicitud.png\">\t\t<\/div>\n\t\t<div class=\"blog-content\">\n\t\t\t<h3 class=\"entry-title\">Solicita\u00e7\u00e3o de Resid\u00eancia Permanente no Uruguai<\/h3>\n\t\t\t\n\t\t\t\t\t\t\n\t\t\t<div class=\"entry-summary\">\t\t\n\t\t\t\t<p>Candidatos de pa\u00edses membros do Mercosul e pa\u00edses associados: DESDE 17 DE FEVEREIRO DE 2023, O PROCESSO DE RESID\u00caNCIA PERMANENTE [\u2026]<a class=\"readmore\" href=\"https:\/\/cgsanpablo.com\/pt\/solicitud-de-residencia-permanente-en-uruguay\/\">&nbsp;Read More<\/a><\/p>\n\t\t\t<\/div>\n\t\t\t\t\t<\/div>\n\t<\/div><\/a>\n\t    \n\t<a href=\"https:\/\/cgsanpablo.com\/pt\/tramite-de-retorno-a-uruguay\/\">\n\t<div class=\"tg-blog-widget col-sm-4\">\n\t\n\t\t\t\t<div class=\"post-image\">\n\t\t    <img src=\"https:\/\/cgsanpablo.com\/wp-content\/uploads\/2020\/08\/ico-retorno.png\">\t\t<\/div>\n\t\t<div class=\"blog-content\">\n\t\t\t<h3 class=\"entry-title\">Tr\u00e2mites de retorno ao Uruguai<\/h3>\n\t\t\t\n\t\t\t\t\t\t\n\t\t\t<div class=\"entry-summary\">\t\t\n\t\t\t\t<p>Os compatriotas que desejam retornar permanentemente \u00e0 Rep\u00fablica Oriental do Uruguai devem solicitar um agendamento no Consulado [\u2026]<a class=\"readmore\" href=\"https:\/\/cgsanpablo.com\/pt\/tramite-de-retorno-a-uruguay\/\">&nbsp;Read More<\/a><\/p>\n\t\t\t<\/div>\n\t\t\t\t\t<\/div>\n\t<\/div><\/a>\n\t    \n\t<a href=\"https:\/\/cgsanpablo.com\/pt\/permisos-para-menores-de-edad\/\">\n\t<div class=\"tg-blog-widget col-sm-4\">\n\t\n\t\t\t\t<div class=\"post-image\">\n\t\t    <img src=\"https:\/\/cgsanpablo.com\/wp-content\/uploads\/2020\/08\/ico-menores.png\">\t\t<\/div>\n\t\t<div class=\"blog-content\">\n\t\t\t<h3 class=\"entry-title\">Autoriza\u00e7\u00f5es para viagem de menores<\/h3>\n\t\t\t\n\t\t\t\t\t\t\n\t\t\t<div class=\"entry-summary\">\t\t\n\t\t\t\t<p>Quando um menor uruguaio ou um menor estrangeiro residente no pa\u00eds deseja viajar sozinho ou acompanhado apenas por um de seus [\u2026]<a class=\"readmore\" href=\"https:\/\/cgsanpablo.com\/pt\/permisos-para-menores-de-edad\/\">&nbsp;Read More<\/a><\/p>\n\t\t\t<\/div>\n\t\t\t\t\t<\/div>\n\t<\/div><\/a>\n\t    \n\t<a href=\"https:\/\/cgsanpablo.com\/pt\/repatrio-de-restos-mortales\/\">\n\t<div class=\"tg-blog-widget col-sm-4\">\n\t\n\t\t\t\t<div class=\"post-image\">\n\t\t    <img src=\"https:\/\/cgsanpablo.com\/wp-content\/uploads\/2020\/08\/ico-repatrio.png\">\t\t<\/div>\n\t\t<div class=\"blog-content\">\n\t\t\t<h3 class=\"entry-title\">Autoriza\u00e7\u00e3o para entrada de restos mortais<\/h3>\n\t\t\t\n\t\t\t\t\t\t\n\t\t\t<div class=\"entry-summary\">\t\t\n\t\t\t\t<p>Para realizar o procedimento de translado de restos mortais para o Uruguai, \u00e9 necess\u00e1rio apresentar a seguinte documenta\u00e7\u00e3o: Cad\u00e1veres<a class=\"readmore\" href=\"https:\/\/cgsanpablo.com\/pt\/repatrio-de-restos-mortales\/\">&nbsp;Read More<\/a><\/p>\n\t\t\t<\/div>\n\t\t\t\t\t<\/div>\n\t<\/div><\/a>\n\t    <\/div>\n<\/div><!-- .blog-wrapper -->\n<\/div><\/div><\/div><\/div>","protected":false},"excerpt":{"rendered":"<p>Para realizar o procedimento de translado de restos mortais para o Uruguai, \u00e9 necess\u00e1rio apresentar a seguinte documenta\u00e7\u00e3o: Cad\u00e1veres<\/p>","protected":false},"author":1,"featured_media":96,"parent":0,"menu_order":8,"comment_status":"closed","ping_status":"closed","template":"","meta":{"_acf_changed":false,"footnotes":""},"class_list":["post-54","page","type-page","status-publish","has-post-thumbnail","hentry"],"acf":[],"_links":{"self":[{"href":"https:\/\/cgsanpablo.com\/pt\/wp-json\/wp\/v2\/pages\/54","targetHints":{"allow":["GET"]}}],"collection":[{"href":"https:\/\/cgsanpablo.com\/pt\/wp-json\/wp\/v2\/pages"}],"about":[{"href":"https:\/\/cgsanpablo.com\/pt\/wp-json\/wp\/v2\/types\/page"}],"author":[{"embeddable":true,"href":"https:\/\/cgsanpablo.com\/pt\/wp-json\/wp\/v2\/users\/1"}],"replies":[{"embeddable":true,"href":"https:\/\/cgsanpablo.com\/pt\/wp-json\/wp\/v2\/comments?post=54"}],"version-history":[{"count":0,"href":"https:\/\/cgsanpablo.com\/pt\/wp-json\/wp\/v2\/pages\/54\/revisions"}],"wp:featuredmedia":[{"embeddable":true,"href":"https:\/\/cgsanpablo.com\/pt\/wp-json\/wp\/v2\/media\/96"}],"wp:attachment":[{"href":"https:\/\/cgsanpablo.com\/pt\/wp-json\/wp\/v2\/media?parent=54"}],"curies":[{"name":"wp","href":"https:\/\/api.w.org\/{rel}","templated":true}]}}