{"id":52,"date":"2020-08-18T11:36:50","date_gmt":"2020-08-18T14:36:50","guid":{"rendered":"https:\/\/cgsanpablo.com\/?page_id=52"},"modified":"2026-03-31T13:20:00","modified_gmt":"2026-03-31T16:20:00","slug":"quienes-somos","status":"publish","type":"page","link":"https:\/\/cgsanpablo.com\/pt\/quienes-somos\/","title":{"rendered":"Quem somos"},"content":{"rendered":"<div id=\"pl-52\"  class=\"panel-layout\" ><div id=\"pg-52-0\"  class=\"panel-grid panel-no-style\" ><div id=\"pgc-52-0-0\"  class=\"panel-grid-cell\" ><div id=\"panel-52-0-0-0\" class=\"so-panel widget widget_text panel-first-child\" data-index=\"0\" >\t\t\t<div class=\"textwidget\"><p>O Consulado Geral do Uruguai em S\u00e3o Paulo \u00e9 uma das representa\u00e7\u00f5es consulares da Rep\u00fablica Oriental do Uruguai no Brasil.<\/p>\n<p>Aqui trabalhamos em conjunto, diplomatas, t\u00e9cnicos e funcion\u00e1rios administrativos do Minist\u00e9rio das Rela\u00e7\u00f5es Exteriores do Uruguai, com funcion\u00e1rios contratados localmente, para prestar assist\u00eancia a compatriotas e outros usu\u00e1rios estrangeiros que precisam se conectar com o nosso pa\u00eds.<\/p>\n<p>El Consulado General de Uruguay en San Pablo tiene entre sus principales funciones apoyar a los compatriotas que residen o que transitan por los Estados de San Pablo, Paran\u00e1, Mato Groso y Mato Groso del Sur, en diversos tr\u00e1mites de asistencia consular.<\/p>\n<p>Por sua vez, o Consulado trabalha para promover as exporta\u00e7\u00f5es uruguaias para os estados brasileiros sob sua jurisdi\u00e7\u00e3o, fomentar o turismo e atrair investimentos, por meio do di\u00e1logo direto com institui\u00e7\u00f5es, c\u00e2maras e associa\u00e7\u00f5es uruguaias e da participa\u00e7\u00e3o ativa nas diversas inst\u00e2ncias exigidas pela intensa agenda desses estados.<\/p>\n<\/div>\n\t\t<\/div><div id=\"panel-52-0-0-1\" class=\"so-panel widget widget_siteorigin-panels-builder panel-last-child\" data-index=\"1\" ><div id=\"pl-w69cbf4303c352\"  class=\"panel-layout\" ><div id=\"pg-w69cbf4303c352-0\"  class=\"panel-grid panel-no-style\" ><div id=\"pgc-w69cbf4303c352-0-0\"  class=\"panel-grid-cell\" ><div id=\"panel-w69cbf4303c352-0-0-0\" class=\"so-panel widget widget_text panel-first-child panel-last-child\" data-index=\"0\" ><h3 class=\"widget-title\">Assist\u00eancia:<\/h3>\t\t\t<div class=\"textwidget\"><p>Segunda a Sexta das 09h:00min \u00e0s 15h:00min<br \/>\nTel: (5511) 2879 6600<\/p>\n<p>Para agendar un horario, deber\u00e1 enviar un correo electr\u00f3nico a <strong><a class=\"decorated-link cursor-pointer\" rel=\"noopener\" data-start=\"122\" data-end=\"145\">cgsanpablo@mrree.gub.uy<\/a><\/strong><\/p>\n<\/div>\n\t\t<\/div><\/div><div id=\"pgc-w69cbf4303c352-0-1\"  class=\"panel-grid-cell\" ><div id=\"panel-w69cbf4303c352-0-1-0\" class=\"so-panel widget widget_text panel-first-child panel-last-child\" data-index=\"1\" ><h3 class=\"widget-title\">Endere\u00e7o:<\/h3>\t\t\t<div class=\"textwidget\"><p>Avenida Paulista No 1776, 9no piso<br \/>\nEdificio Parque Avenida, CEP: 01310-200<br \/>\nJurisdi\u00e7\u00e3o:<br \/>\nEstado de San Pablo, Mato Groso, Mato Groso del Sur y Paran\u00e1.<\/p>\n<\/div>\n\t\t<\/div><\/div><\/div><\/div><\/div><\/div><div id=\"pgc-52-0-1\"  class=\"panel-grid-cell\" ><div class=\"sidebar panel-cell-style panel-cell-style-for-52-0-1\" ><div id=\"panel-52-0-1-0\" class=\"so-panel widget widget_text panel-first-child panel-last-child\" data-index=\"2\" ><h3 class=\"widget-title\">Autoridades<\/h3>\t\t\t<div class=\"textwidget\"><p><img loading=\"lazy\" decoding=\"async\" class=\"alignleft wp-image-2138\" src=\"https:\/\/cgsanpablo.com\/wp-content\/uploads\/2025\/07\/Foto-Soledad-web-6-225x300.jpg\" alt=\"\" width=\"117\" height=\"156\" srcset=\"https:\/\/cgsanpablo.com\/wp-content\/uploads\/2025\/07\/Foto-Soledad-web-6-225x300.jpg 225w, https:\/\/cgsanpablo.com\/wp-content\/uploads\/2025\/07\/Foto-Soledad-web-6.jpg 244w\" sizes=\"auto, (max-width: 117px) 100vw, 117px\" \/><\/p>\n<p>&nbsp;<\/p>\n<p>&nbsp;<\/p>\n<p><strong>Vice-C\u00f4nsul Geral<\/strong><br \/>\nLic. Soledad Britos<\/p>\n<p>&nbsp;<\/p>\n<p>&nbsp;<\/p>\n<p><img loading=\"lazy\" decoding=\"async\" class=\"alignleft wp-image-2161\" src=\"https:\/\/cgsanpablo.com\/wp-content\/uploads\/2025\/09\/Foto-Lorena-nueva-2-300x300.jpg\" alt=\"\" width=\"150\" height=\"150\" srcset=\"https:\/\/cgsanpablo.com\/wp-content\/uploads\/2025\/09\/Foto-Lorena-nueva-2-300x300.jpg 300w, https:\/\/cgsanpablo.com\/wp-content\/uploads\/2025\/09\/Foto-Lorena-nueva-2-1024x1024.jpg 1024w, https:\/\/cgsanpablo.com\/wp-content\/uploads\/2025\/09\/Foto-Lorena-nueva-2-150x150.jpg 150w, https:\/\/cgsanpablo.com\/wp-content\/uploads\/2025\/09\/Foto-Lorena-nueva-2-768x768.jpg 768w, https:\/\/cgsanpablo.com\/wp-content\/uploads\/2025\/09\/Foto-Lorena-nueva-2.jpg 1080w\" sizes=\"auto, (max-width: 150px) 100vw, 150px\" \/><\/p>\n<p>&nbsp;<\/p>\n<p><strong>C\u00f4nsul Distrital<\/strong><\/p>\n<p>Dra. Lorena Garc\u00eda<\/p>\n<\/div>\n\t\t<\/div><\/div><\/div><\/div><div id=\"pg-52-1\"  class=\"panel-grid panel-has-style\" ><div class=\"siteorigin-panels-stretch panel-row-style panel-row-style-for-52-1\" id=\"duvidas\" data-stretch-type=\"full\" ><div id=\"pgc-52-1-0\"  class=\"panel-grid-cell\" ><div id=\"panel-52-1-0-0\" class=\"so-panel widget widget_text panel-first-child panel-last-child\" data-index=\"3\" >\t\t\t<div class=\"textwidget\"><!-- Widget Shortcode --><div id=\"custom_html-4\" class=\"widget_text widget widget_custom_html widget-shortcode area-arbitrary\"><div class=\"textwidget custom-html-widget\"><div class=\"container\">\r\n    <div class=\"row\">\r\n        <div class=\"col-sm-6\">\r\n            <h3>Ficou com alguma d\u00favida?<\/h3>\r\n        <\/div>\r\n        <div class=\"col-sm-6\">\r\n            <a href=\"https:\/\/cgsanpablo.com\/pt\/contacto\/\"><button class=\"btn btn-primary\">Entre em contato<\/button><\/a>\r\n        <\/div>\r\n    <\/div>\r\n<\/div><\/div><\/div><!-- \/Widget Shortcode -->\n<\/div>\n\t\t<\/div><\/div><\/div><\/div><div id=\"pg-52-2\"  class=\"panel-grid panel-has-style\" ><div class=\"siteorigin-panels-stretch panel-row-style panel-row-style-for-52-2\" id=\"otros-tramites\" data-stretch-type=\"full\" ><div id=\"pgc-52-2-0\"  class=\"panel-grid-cell\" ><div id=\"panel-52-2-0-0\" class=\"so-panel widget widget_text panel-first-child panel-last-child\" data-index=\"4\" >\t\t\t<div class=\"textwidget\"><!-- Widget Shortcode --><div id=\"themegrill_flash_blog-2\" class=\"widget tg-widget blog-section widget-shortcode area-wp_inactive_widgets\">\n<div class=\"blog-wrapper tg-column-wrapper tg-blog-widget-layout-2\">\n    \t\n    \t\t<div class=\"owl-carousel\">\n\t\t\n\t    \n\t<a href=\"https:\/\/cgsanpablo.com\/pt\/cedula-de-identidad\/\">\n\t<div class=\"tg-blog-widget\">\n\t\n\t\t\t\t<div class=\"post-image\">\n\t\t    <img src=\"https:\/\/cgsanpablo.com\/wp-content\/uploads\/2020\/08\/ico-cedula.png\">\t\t<\/div>\n\t\t<div class=\"blog-content\">\n\t\t\t<h3 class=\"entry-title\">C\u00e9dula de Identidade Uruguaia<\/h3>\n\t\t\t\n\t\t\t\t\t<\/div>\n\t<\/div><\/a>\n\t    \n\t<a href=\"https:\/\/cgsanpablo.com\/pt\/documentacion-de-viaje\/\">\n\t<div class=\"tg-blog-widget\">\n\t\n\t\t\t\t<div class=\"post-image\">\n\t\t    <img src=\"https:\/\/cgsanpablo.com\/wp-content\/uploads\/2020\/08\/ico-viaje.png\">\t\t<\/div>\n\t\t<div class=\"blog-content\">\n\t\t\t<h3 class=\"entry-title\">Documentos para viagem<\/h3>\n\t\t\t\n\t\t\t\t\t<\/div>\n\t<\/div><\/a>\n\t    \n\t<a href=\"https:\/\/cgsanpablo.com\/pt\/certificado-de-nacionalidad-o-ciudadania-uruguaya\/\">\n\t<div class=\"tg-blog-widget\">\n\t\n\t\t\t\t<div class=\"post-image\">\n\t\t    <img src=\"https:\/\/cgsanpablo.com\/wp-content\/uploads\/2020\/08\/ico-certificado.png\">\t\t<\/div>\n\t\t<div class=\"blog-content\">\n\t\t\t<h3 class=\"entry-title\">Certificado de Nacionalidade ou Cidadania Uruguaia<\/h3>\n\t\t\t\n\t\t\t\t\t<\/div>\n\t<\/div><\/a>\n\t    \n\t<a href=\"https:\/\/cgsanpablo.com\/pt\/certificado-de-antecedentes-penales\/\">\n\t<div class=\"tg-blog-widget\">\n\t\n\t\t\t\t<div class=\"post-image\">\n\t\t    <img src=\"https:\/\/cgsanpablo.com\/wp-content\/uploads\/2020\/08\/ico-certificado.png\">\t\t<\/div>\n\t\t<div class=\"blog-content\">\n\t\t\t<h3 class=\"entry-title\">Certificado de Antecedentes Judiciais\/Criminais<\/h3>\n\t\t\t\n\t\t\t\t\t<\/div>\n\t<\/div><\/a>\n\t    \n\t<a href=\"https:\/\/cgsanpablo.com\/pt\/emision-certificados-de-existencia\/\">\n\t<div class=\"tg-blog-widget\">\n\t\n\t\t\t\t<div class=\"post-image\">\n\t\t    <img src=\"https:\/\/cgsanpablo.com\/wp-content\/uploads\/2020\/08\/ico-emision.png\">\t\t<\/div>\n\t\t<div class=\"blog-content\">\n\t\t\t<h3 class=\"entry-title\">Emiss\u00e3o de Certificados de Exist\u00eancia<\/h3>\n\t\t\t\n\t\t\t\t\t<\/div>\n\t<\/div><\/a>\n\t    \n\t<a href=\"https:\/\/cgsanpablo.com\/pt\/emision-de-partidas\/\">\n\t<div class=\"tg-blog-widget\">\n\t\n\t\t\t\t<div class=\"post-image\">\n\t\t    <img src=\"https:\/\/cgsanpablo.com\/wp-content\/uploads\/2020\/08\/ico-partidas.png\">\t\t<\/div>\n\t\t<div class=\"blog-content\">\n\t\t\t<h3 class=\"entry-title\">Emiss\u00e3o de Certid\u00f5es<\/h3>\n\t\t\t\n\t\t\t\t\t<\/div>\n\t<\/div><\/a>\n\t    \n\t<a href=\"https:\/\/cgsanpablo.com\/pt\/solicitudes-de-visa\/\">\n\t<div class=\"tg-blog-widget\">\n\t\n\t\t\t\t<div class=\"post-image\">\n\t\t    <img src=\"https:\/\/cgsanpablo.com\/wp-content\/uploads\/2020\/08\/ico-visa.png\">\t\t<\/div>\n\t\t<div class=\"blog-content\">\n\t\t\t<h3 class=\"entry-title\">Aplica\u00e7\u00e3o do visto<\/h3>\n\t\t\t\n\t\t\t\t\t<\/div>\n\t<\/div><\/a>\n\t    \n\t<a href=\"https:\/\/cgsanpablo.com\/pt\/solicitud-de-residencia-permanente-en-uruguay-2\/\">\n\t<div class=\"tg-blog-widget\">\n\t\n\t\t\t\t<div class=\"post-image\">\n\t\t    <img src=\"https:\/\/cgsanpablo.com\/wp-content\/uploads\/2020\/08\/ico-solicitud.png\">\t\t<\/div>\n\t\t<div class=\"blog-content\">\n\t\t\t<h3 class=\"entry-title\">Solicita\u00e7\u00e3o de Resid\u00eancia Permanente no Uruguai<\/h3>\n\t\t\t\n\t\t\t\t\t<\/div>\n\t<\/div><\/a>\n\t    \n\t<a href=\"https:\/\/cgsanpablo.com\/pt\/solicitud-de-residencia-permanente-en-uruguay\/\">\n\t<div class=\"tg-blog-widget\">\n\t\n\t\t\t\t<div class=\"post-image\">\n\t\t    <img src=\"https:\/\/cgsanpablo.com\/wp-content\/uploads\/2020\/08\/ico-solicitud.png\">\t\t<\/div>\n\t\t<div class=\"blog-content\">\n\t\t\t<h3 class=\"entry-title\">Solicita\u00e7\u00e3o de Resid\u00eancia Permanente no Uruguai<\/h3>\n\t\t\t\n\t\t\t\t\t<\/div>\n\t<\/div><\/a>\n\t    \n\t<a href=\"https:\/\/cgsanpablo.com\/pt\/tramite-de-retorno-a-uruguay\/\">\n\t<div class=\"tg-blog-widget\">\n\t\n\t\t\t\t<div class=\"post-image\">\n\t\t    <img src=\"https:\/\/cgsanpablo.com\/wp-content\/uploads\/2020\/08\/ico-retorno.png\">\t\t<\/div>\n\t\t<div class=\"blog-content\">\n\t\t\t<h3 class=\"entry-title\">Tr\u00e2mites de retorno ao Uruguai<\/h3>\n\t\t\t\n\t\t\t\t\t<\/div>\n\t<\/div><\/a>\n\t    <\/div>\n<\/div><!-- .blog-wrapper -->\n<\/div><!-- \/Widget Shortcode -->\n<\/div>\n\t\t<\/div><\/div><\/div><\/div><\/div>","protected":false},"excerpt":{"rendered":"<p>El\u00a0 Consulado General del Uruguay en San Pablo es una de las representaciones consulares de la Rep\u00fablica Oriental del Uruguay [&hellip;]<\/p>","protected":false},"author":1,"featured_media":73,"parent":0,"menu_order":9,"comment_status":"closed","ping_status":"closed","template":"","meta":{"_acf_changed":false,"footnotes":""},"class_list":["post-52","page","type-page","status-publish","has-post-thumbnail","hentry"],"acf":[],"_links":{"self":[{"href":"https:\/\/cgsanpablo.com\/pt\/wp-json\/wp\/v2\/pages\/52","targetHints":{"allow":["GET"]}}],"collection":[{"href":"https:\/\/cgsanpablo.com\/pt\/wp-json\/wp\/v2\/pages"}],"about":[{"href":"https:\/\/cgsanpablo.com\/pt\/wp-json\/wp\/v2\/types\/page"}],"author":[{"embeddable":true,"href":"https:\/\/cgsanpablo.com\/pt\/wp-json\/wp\/v2\/users\/1"}],"replies":[{"embeddable":true,"href":"https:\/\/cgsanpablo.com\/pt\/wp-json\/wp\/v2\/comments?post=52"}],"version-history":[{"count":3,"href":"https:\/\/cgsanpablo.com\/pt\/wp-json\/wp\/v2\/pages\/52\/revisions"}],"predecessor-version":[{"id":2267,"href":"https:\/\/cgsanpablo.com\/pt\/wp-json\/wp\/v2\/pages\/52\/revisions\/2267"}],"wp:featuredmedia":[{"embeddable":true,"href":"https:\/\/cgsanpablo.com\/pt\/wp-json\/wp\/v2\/media\/73"}],"wp:attachment":[{"href":"https:\/\/cgsanpablo.com\/pt\/wp-json\/wp\/v2\/media?parent=52"}],"curies":[{"name":"wp","href":"https:\/\/api.w.org\/{rel}","templated":true}]}}