{"id":286,"date":"2020-08-21T10:22:07","date_gmt":"2020-08-21T13:22:07","guid":{"rendered":"https:\/\/cgsanpablo.com\/?page_id=286"},"modified":"2022-06-28T13:02:02","modified_gmt":"2022-06-28T16:02:02","slug":"eventos-en-san-pablo","status":"publish","type":"page","link":"https:\/\/cgsanpablo.com\/pt\/promocion-comercial\/eventos-en-san-pablo\/","title":{"rendered":"Eventos em S\u00e3o Paulo"},"content":{"rendered":"<p>Nesta se\u00e7\u00e3o, voc\u00ea encontrar\u00e1 informa\u00e7\u00f5es sobre eventos e feiras comerciais que acontecem em S\u00e3o Petersburgo, bem como atividades de promo\u00e7\u00e3o do pa\u00eds organizadas pelo Consulado.<\/p>\n<p>&nbsp;<\/p>\n<ul>\n<li><strong>Feira da Associa\u00e7\u00e3o Brasileira de Centros Comerciais<\/strong><\/li>\n<\/ul>\n<p><img loading=\"lazy\" decoding=\"async\" class=\"size-medium wp-image-1116 alignnone\" src=\"https:\/\/cgsanpablo.com\/wp-content\/uploads\/2022\/06\/evento-4-rotated-e1656431356864-225x300.jpg\" alt=\"\" width=\"225\" height=\"300\" \/>\u00a0 \u00a0 \u00a0 \u00a0 \u00a0 \u00a0 \u00a0 \u00a0\u00a0 <img loading=\"lazy\" decoding=\"async\" class=\"size-medium wp-image-1117 alignnone\" src=\"https:\/\/cgsanpablo.com\/wp-content\/uploads\/2022\/06\/evento-4-1-rotated-e1656431369680-225x300.jpg\" alt=\"\" width=\"225\" height=\"300\" \/><\/p>\n<p>O Consulado Geral do Uruguai em S\u00e3o Paulo esteve presente, com um estande, na Feira da Associa\u00e7\u00e3o Brasileira de Shopping Centers.<\/p>\n<p>Apresentamos o Uruguai como uma op\u00e7\u00e3o para empresas brasileiras que buscam expandir para a regi\u00e3o, bem como as possibilidades de produ\u00e7\u00e3o no Uruguai e distribui\u00e7\u00e3o para diferentes pontos da Am\u00e9rica Latina.<\/p>\n<p>&nbsp;<\/p>\n<ul>\n<li><strong>CONGRESSO SOBRE CANNABIS MEDICINAL<\/strong><\/li>\n<\/ul>\n<p><img loading=\"lazy\" decoding=\"async\" class=\"size-medium wp-image-1102 alignnone\" src=\"https:\/\/cgsanpablo.com\/wp-content\/uploads\/2022\/06\/evento-1-300x225.jpg\" alt=\"\" width=\"300\" height=\"225\" \/><\/p>\n<p>O Consulado do Uruguai em S\u00e3o Paulo fez uma apresenta\u00e7\u00e3o sobre o setor de cannabis medicinal do Uruguai no Congresso Brasileiro de Cannabis Medicinal.<\/p>\n<p>Nessa ocasi\u00e3o, foi feita uma apresenta\u00e7\u00e3o sobre a ind\u00fastria da cannabis em nosso pa\u00eds, o progresso regulat\u00f3rio e as possibilidades de investimento.<\/p>\n<p>&nbsp;<\/p>\n<ul>\n<li><strong>ANUFOOD<\/strong><\/li>\n<\/ul>\n<p><img loading=\"lazy\" decoding=\"async\" class=\"size-medium wp-image-1104 alignnone\" src=\"https:\/\/cgsanpablo.com\/wp-content\/uploads\/2022\/06\/evento-2-300x225.jpg\" alt=\"\" width=\"300\" height=\"225\" \/>\u00a0 \u00a0 \u00a0 \u00a0 <img loading=\"lazy\" decoding=\"async\" class=\"size-medium wp-image-1103 alignnone\" src=\"https:\/\/cgsanpablo.com\/wp-content\/uploads\/2022\/06\/evento-2.1-rotated-e1656428234868-225x300.jpg\" alt=\"\" width=\"225\" height=\"300\" \/>\u00a0 \u00a0 \u00a0 \u00a0 \u00a0 \u00a0 \u00a0<img loading=\"lazy\" decoding=\"async\" class=\"size-medium wp-image-1105 alignnone\" src=\"https:\/\/cgsanpablo.com\/wp-content\/uploads\/2022\/06\/evento-2.3-135x300.jpg\" alt=\"\" width=\"135\" height=\"300\" \/><\/p>\n<p>&nbsp;<\/p>\n<p>Pela primeira vez, o Uruguai esteve representado em uma das principais feiras de alimentos e bebidas realizadas em S\u00e3o Paulo: a ANuFood. O Uruguai contou com um estande de 90 m\u00b2, dividido entre diversas empresas do pa\u00eds que buscavam estabelecer ou fortalecer sua presen\u00e7a no estado paulista.<\/p>\n<p>Contamos com a participa\u00e7\u00e3o do Programa Sembrando, liderado pela Primeira-Dama do Uruguai, Lorena Ponce Deleon.<\/p>\n<p>&nbsp;<\/p>\n<ul>\n<li><strong>REUNI\u00c3O DE CONTERR\u00c2NEOS NO CONSULADO<\/strong><\/li>\n<\/ul>\n<p><img loading=\"lazy\" decoding=\"async\" class=\"size-medium wp-image-1106 alignnone\" src=\"https:\/\/cgsanpablo.com\/wp-content\/uploads\/2022\/06\/evento-3-240x300.jpg\" alt=\"\" width=\"240\" height=\"300\" \/>\u00a0 \u00a0 \u00a0 \u00a0 \u00a0 \u00a0 \u00a0 \u00a0 \u00a0 \u00a0 \u00a0 \u00a0 \u00a0 \u00a0 \u00a0<img loading=\"lazy\" decoding=\"async\" class=\"size-medium wp-image-1107 alignnone\" src=\"https:\/\/cgsanpablo.com\/wp-content\/uploads\/2022\/06\/evento-3-1-240x300.jpg\" alt=\"\" width=\"240\" height=\"300\" \/><\/p>\n<p>Na sede do Consulado Geral, realizamos uma reuni\u00e3o de neg\u00f3cios com cidad\u00e3os residentes em S\u00e3o Paulo, onde discutimos o trabalho do Departamento Comercial e maneiras de incorporar as experi\u00eancias e a\u00e7\u00f5es de nossos concidad\u00e3os \u00e0s atividades que desenvolvemos.<\/p>\n<p>&nbsp;<\/p>\n<ul>\n<li><span lang=\"ES-UY\"><b>DIA DO IMIGRANTE. <\/b><\/span><\/li>\n<\/ul>\n<p style=\"font-weight: 400;\">Por ocasi\u00e3o do Dia Internacional do Imigrante e organizado pelo Museu da Imigra\u00e7\u00e3o, o Consulado Geral do Uruguai em S\u00e3o Paulo participou, juntamente com o Consulado Geral do Jap\u00e3o e o Consulado Geral da It\u00e1lia em S\u00e3o Paulo, do evento intitulado \"Di\u00e1sporas na perspectiva dos representantes diplom\u00e1ticos\".<\/p>\n<p style=\"font-weight: 400;\">\u00a0Este evento consistiu em um di\u00e1logo e intera\u00e7\u00e3o sobre a import\u00e2ncia dos imigrantes na constitui\u00e7\u00e3o social de nossos pa\u00edses, com base na hist\u00f3ria da chegada dos imigrantes e na contribui\u00e7\u00e3o dessas comunidades para a forma\u00e7\u00e3o e o desenvolvimento de nossas sociedades.<\/p>\n<p>&nbsp;<\/p>\n<ul>\n<li><span lang=\"ES-UY\"><b>\u00a0ASSINATURA DE ACORDO DE COOPERA\u00c7\u00c3O ENTRE CUTI E SP NEGOCIOS.<\/b><\/span><\/li>\n<\/ul>\n<p><img loading=\"lazy\" decoding=\"async\" class=\"size-medium wp-image-775 alignnone\" src=\"https:\/\/cgsanpablo.com\/wp-content\/uploads\/2021\/10\/Firma-2-300x135.jpg\" alt=\"\" width=\"300\" height=\"135\" \/>\u00a0 \u00a0 \u00a0 \u00a0 \u00a0 \u00a0 \u00a0 \u00a0 \u00a0 \u00a0 \u00a0 \u00a0 \u00a0 \u00a0 \u00a0 \u00a0\u00a0 <img loading=\"lazy\" decoding=\"async\" class=\"size-medium wp-image-776 alignnone\" src=\"https:\/\/cgsanpablo.com\/wp-content\/uploads\/2021\/10\/Firma-acuerdo-cuti-300x135.jpg\" alt=\"\" width=\"300\" height=\"135\" \/><\/p>\n<p style=\"font-weight: 400;\">Em agosto deste ano, foi assinado o Acordo de Coopera\u00e7\u00e3o T\u00e9cnica entre a C\u00e2mara Uruguaia de Tecnologias da Informa\u00e7\u00e3o (CUTI) e o Instituto Empresarial SP.<\/p>\n<p style=\"font-weight: 400;\">Este Acordo, que estabelece as bases para o fortalecimento do v\u00ednculo entre o Uruguai e o Estado de S\u00e3o Paulo no campo da tecnologia, faz parte do trabalho de posicionamento da Ind\u00fastria de TIC que este Consulado Geral vem desenvolvendo em S\u00e3o Paulo e que incluiu, nas edi\u00e7\u00f5es de 2019 e 2020, a participa\u00e7\u00e3o na S\u00e3o Paulo Tech Week.<\/p>\n<p>&nbsp;<\/p>\n<ul>\n<li><b><span lang=\"ES-UY\">LAN\u00c7AMENTO DE TESTE NO URUGUAI.<\/span><\/b><\/li>\n<\/ul>\n<p><img loading=\"lazy\" decoding=\"async\" class=\"size-medium wp-image-772 alignnone\" src=\"https:\/\/cgsanpablo.com\/wp-content\/uploads\/2021\/10\/foto2-300x268.jpg\" alt=\"\" width=\"300\" height=\"268\" \/><\/p>\n<p>Test Uruguay es una nueva iniciativa impulsada por Uruguay que invita a invertir, estudia, vivir y desarrollarse e Uruguay.<\/p>\n<p style=\"font-weight: 400;\">Juntamente com outras representa\u00e7\u00f5es uruguaias no exterior, o Consulado Geral do Uruguai em S\u00e3o Paulo participou desta iniciativa, que responde \u00e0s a\u00e7\u00f5es de posicionamento da ind\u00fastria tecnol\u00f3gica uruguaia que v\u00eam sendo realizadas em S\u00e3o Paulo, de forma coordenada entre o Consulado e a CUTI.<\/p>\n<p>&nbsp;<\/p>\n<ul>\n<li>\n<p style=\"font-weight: 400;\"><strong>\u00a0SEMANA DA CULTURA URUGUAI EM SA PABLO.<\/strong><\/p>\n<p style=\"font-weight: 400;\">Durante o m\u00eas de setembro de 2022, o Consulado Geral do Uruguai em S\u00e3o Paulo, em conjunto com o Memorial da Am\u00e9rica Latina, promoveu a Semana da Cultura Uruguaia.<\/p>\n<p style=\"font-weight: 400;\">Este evento ocorreu de 10 a 19 de setembro, alcan\u00e7ando visibilidade tanto na exposi\u00e7\u00e3o de arte apresentada na Sala Gabriel Garc\u00eda M\u00e1rquez do referido memorial, quanto nas atividades virtuais realizadas por meio das plataformas digitais da institui\u00e7\u00e3o.<\/p>\n<p style=\"font-weight: 400;\">A realiza\u00e7\u00e3o deste evento est\u00e1 alinhada aos principais objetivos do Consulado no que diz respeito \u00e0 divulga\u00e7\u00e3o da cultura uruguaia, bem como ao fortalecimento do v\u00ednculo com institui\u00e7\u00f5es t\u00e3o representativas da cultura deste Estado, como o Memorial da Am\u00e9rica Latina.<\/p>\n<p style=\"font-weight: 400;\">\u00a0A exposi\u00e7\u00e3o foi realizada presencialmente de 10 a 19 de setembro.\u00a0<em>Orientais: express\u00f5es art\u00edsticas uruguaias<\/em>\u00a0onde os artistas uruguaios Roberto Gainnecchini, Juan Muzzi, Soledad da Rosa, Sebasti\u00e1n Laguarda e \u00c1ngela Arregui expuseram parte de seus trabalhos.<\/p>\n<p style=\"font-weight: 400;\">Entretanto, entre os dias 13 e 19, diversos eventos aconteceram, incluindo apresenta\u00e7\u00f5es teatrais, conta\u00e7\u00e3o de hist\u00f3rias, apresenta\u00e7\u00f5es musicais e outras manifesta\u00e7\u00f5es art\u00edsticas. Dentre essas atividades, destacaram-se a participa\u00e7\u00e3o de Mauro Vedia, Daniel Tatita M\u00e1rquez, a pe\u00e7a \"A Dan\u00e7arina de Mainz\", de Sandra Massera, Gabriela Aguerre, e os grupos Cirqueira Lima e La Solea, al\u00e9m da Universidade CLAEH e da churrascaria uruguaia Fuego Celeste.<\/p>\n<\/li>\n<\/ul>\n<p><img loading=\"lazy\" decoding=\"async\" class=\"wp-image-762 alignnone\" src=\"https:\/\/cgsanpablo.com\/wp-content\/uploads\/2021\/10\/Semana-de-la-cultura-GRAL-300x300.jpg\" alt=\"\" width=\"241\" height=\"241\" \/> <img loading=\"lazy\" decoding=\"async\" class=\"wp-image-771 alignnone\" src=\"https:\/\/cgsanpablo.com\/wp-content\/uploads\/2021\/10\/Facundo-300x243.jpg\" alt=\"\" width=\"263\" height=\"213\" \/> <img loading=\"lazy\" decoding=\"async\" class=\"size-medium wp-image-770 alignnone\" src=\"https:\/\/cgsanpablo.com\/wp-content\/uploads\/2021\/10\/apertura-2-174x300.jpg\" alt=\"\" width=\"174\" height=\"300\" \/> <img loading=\"lazy\" decoding=\"async\" class=\"wp-image-768 alignnone\" src=\"https:\/\/cgsanpablo.com\/wp-content\/uploads\/2021\/10\/Muestra-4-300x207.jpg\" alt=\"\" width=\"313\" height=\"216\" \/><\/p>\n<p>&nbsp;<\/p>\n<ul>\n<li><strong>SP INTERNATIONAL BUSINESS 2020<br \/>\n<\/strong><\/li>\n<\/ul>\n<p>No \u00e2mbito do SP International Business 2020, organizado pelo SP Business Institute, o Consulado Geral do Uruguai em S\u00e3o Paulo participou da sess\u00e3o de reuni\u00f5es de neg\u00f3cios com empresas brasileiras.<\/p>\n<p>Foram realizadas conversas com mais de 15 empresas interessadas em exportar para a regi\u00e3o, apresentando as principais vantagens que o Uruguai oferece para a instala\u00e7\u00e3o de opera\u00e7\u00f5es no pa\u00eds e para se tornar o centro de distribui\u00e7\u00e3o regional.<\/p>\n<p>&nbsp;<\/p>\n<ul>\n<li><strong>SP TECH WEEK 2020<\/strong><\/li>\n<\/ul>\n<p><img loading=\"lazy\" decoding=\"async\" class=\"size-medium wp-image-712 alignnone\" src=\"https:\/\/cgsanpablo.com\/wp-content\/uploads\/2021\/05\/sp-tw-2020-300x300.jpg\" alt=\"\" width=\"300\" height=\"300\" \/><\/p>\n<p>Em 14 de dezembro de 2020, o Consulado Geral do Uruguai em S\u00e3o Paulo participou, juntamente com a C\u00e2mara Uruguaia de Tecnologias da Informa\u00e7\u00e3o (CUTI), de mais uma edi\u00e7\u00e3o do <em>SP Tech Week<\/em>, um dos maiores eventos para dissemina\u00e7\u00e3o de tecnologia e oportunidades de neg\u00f3cios no setor de tecnologia.<\/p>\n<p>Sob o t\u00edtulo <em><strong>Desenvolvimento tecnol\u00f3gico como pol\u00edtica de Estado<\/strong><\/em>O Consulado fez uma apresenta\u00e7\u00e3o sobre as pol\u00edticas desenvolvidas pelo nosso pa\u00eds que o posicionam hoje na vanguarda em diferentes indicadores, al\u00e9m de uma apresenta\u00e7\u00e3o da CUTI e da Incubadora Ingenio.<\/p>\n<p>Esta \u00e9 a segunda vez que o Uruguai participa como expositor com espa\u00e7o pr\u00f3prio na S\u00e3o Paulo Technology Week, e espera-se uma participa\u00e7\u00e3o ainda maior em edi\u00e7\u00f5es futuras.<\/p>\n<p>&nbsp;<\/p>\n<p>&nbsp;<\/p>\n<ul>\n<li><strong>MOSTRA DE CURTAS-METRAGENS LATINO-AMERICANAS<\/strong><\/li>\n<\/ul>\n<p><img loading=\"lazy\" decoding=\"async\" class=\"size-medium wp-image-713 alignnone\" src=\"https:\/\/cgsanpablo.com\/wp-content\/uploads\/2021\/05\/Festival-cortos-138x300.jpg\" alt=\"\" width=\"138\" height=\"300\" \/><\/p>\n<p>Em dezembro de 2020, o Uruguai foi representado pela produtora Filmcito no Festival de Curtas-Metragens da Am\u00e9rica Latina, organizado pelo Memorial da Am\u00e9rica Latina. O curta-metragem [t\u00edtulo do filme ausente] foi exibido no festival. <em>Um Monstro na Minha Casa<\/em>, da produtora mencionada anteriormente.<\/p>\n<p>Neste evento, o Consulado fez uma apresenta\u00e7\u00e3o sobre o setor audiovisual no Uruguai, seu desenvolvimento e as possibilidades de a\u00e7\u00f5es conjuntas com produ\u00e7\u00f5es estrangeiras.<\/p>\n<p>&nbsp;<\/p>\n<ul>\n<li><strong>DIA DO URUGUAI NA FUNDA\u00c7\u00c3O ARMANDO ALVAREZ PENTEADO<\/strong><\/li>\n<\/ul>\n<p><img loading=\"lazy\" decoding=\"async\" class=\"size-medium wp-image-714 alignnone\" src=\"https:\/\/cgsanpablo.com\/wp-content\/uploads\/2021\/05\/FAAP-300x300.jpg\" alt=\"\" width=\"300\" height=\"300\" \/><\/p>\n<p>Em 27 de abril de 2021, em parceria com a Funda\u00e7\u00e3o Armando Alvarez Penteado, foi realizada uma confer\u00eancia para apresentar as principais caracter\u00edsticas que fazem do Uruguai um parceiro comercial estrat\u00e9gico.<\/p>\n<p>Sob o t\u00edtulo <strong>Uruguai como parceiro comercial estrat\u00e9gico: principais caracter\u00edsticas em rela\u00e7\u00e3o ao com\u00e9rcio internacional.<\/strong>As discuss\u00f5es se concentraram nos principais indicadores que fazem do Uruguai um pa\u00eds seguro para se fazer neg\u00f3cios, e foi realizada uma revis\u00e3o da rica tradi\u00e7\u00e3o do pa\u00eds em cumprir seus compromissos internacionais, como seu maior trunfo nas rela\u00e7\u00f5es externas.<\/p>\n<p>Foram apresentadas as principais caracter\u00edsticas dos setores de exporta\u00e7\u00e3o do nosso pa\u00eds, juntamente com as possibilidades de aumentar os la\u00e7os comerciais atuais, bem como os atrativos que o Uruguai oferece para que empresas estrangeiras se estabele\u00e7am no pa\u00eds.<\/p>\n<p>O evento, que contou com a participa\u00e7\u00e3o do renomado Embaixador Rubens Ric\u00fapero, incentiva uma estreita liga\u00e7\u00e3o entre o Consulado e a FFAP, que possui uma longa e distinta tradi\u00e7\u00e3o no estudo e an\u00e1lise do com\u00e9rcio e das rela\u00e7\u00f5es internacionais.<\/p>\n<p>&nbsp;<\/p>\n<ul>\n<li><strong>DIA DE NEG\u00d3CIOS COM EMPRESAS BRASILEIRAS \/ SP BIZ INTELLIGENCE<\/strong><\/li>\n<\/ul>\n<p><img loading=\"lazy\" decoding=\"async\" class=\"size-medium wp-image-732 alignnone\" src=\"https:\/\/cgsanpablo.com\/wp-content\/uploads\/2021\/05\/SP-BIZ-DAY-300x300.jpg\" alt=\"\" width=\"300\" height=\"300\" \/><\/p>\n<p>Pelo segundo ano consecutivo, nos dias 6 e 13 de maio, o Consulado Geral do Uruguai em S\u00e3o Paulo participou das jornadas de neg\u00f3cios com empresas brasileiras, organizadas pelo Instituto de Neg\u00f3cios de S\u00e3o Paulo (SP Business Institute).<\/p>\n<p>Conversamos com mais de 20 empresas interessadas em expandir ou estabelecer rela\u00e7\u00f5es comerciais com o Uruguai, apresentando os diferentes benef\u00edcios que nosso pa\u00eds oferece e as caracter\u00edsticas que o posicionam como uma excelente op\u00e7\u00e3o para quem deseja se estabelecer ou distribuir seus produtos na Am\u00e9rica Latina.<\/p>\n<p>O Consulado destaca a atividade como altamente satisfat\u00f3ria e acolhe com satisfa\u00e7\u00e3o esta nova iniciativa da SP Negocios.<\/p>","protected":false},"excerpt":{"rendered":"<p>En esta secci\u00f3n encontrar\u00e1 informaci\u00f3n sobre eventos y ferias comerciales que tienen lugar en SP, as\u00ed como actividades de promoci\u00f3n [&hellip;]<\/p>","protected":false},"author":1,"featured_media":171,"parent":154,"menu_order":3,"comment_status":"closed","ping_status":"closed","template":"","meta":{"_acf_changed":false,"footnotes":""},"class_list":["post-286","page","type-page","status-publish","has-post-thumbnail","hentry"],"acf":[],"_links":{"self":[{"href":"https:\/\/cgsanpablo.com\/pt\/wp-json\/wp\/v2\/pages\/286","targetHints":{"allow":["GET"]}}],"collection":[{"href":"https:\/\/cgsanpablo.com\/pt\/wp-json\/wp\/v2\/pages"}],"about":[{"href":"https:\/\/cgsanpablo.com\/pt\/wp-json\/wp\/v2\/types\/page"}],"author":[{"embeddable":true,"href":"https:\/\/cgsanpablo.com\/pt\/wp-json\/wp\/v2\/users\/1"}],"replies":[{"embeddable":true,"href":"https:\/\/cgsanpablo.com\/pt\/wp-json\/wp\/v2\/comments?post=286"}],"version-history":[{"count":0,"href":"https:\/\/cgsanpablo.com\/pt\/wp-json\/wp\/v2\/pages\/286\/revisions"}],"up":[{"embeddable":true,"href":"https:\/\/cgsanpablo.com\/pt\/wp-json\/wp\/v2\/pages\/154"}],"wp:featuredmedia":[{"embeddable":true,"href":"https:\/\/cgsanpablo.com\/pt\/wp-json\/wp\/v2\/media\/171"}],"wp:attachment":[{"href":"https:\/\/cgsanpablo.com\/pt\/wp-json\/wp\/v2\/media?parent=286"}],"curies":[{"name":"wp","href":"https:\/\/api.w.org\/{rel}","templated":true}]}}