{"id":285,"date":"2020-08-21T10:19:12","date_gmt":"2020-08-21T13:19:12","guid":{"rendered":"https:\/\/cgsanpablo.com\/?page_id=285"},"modified":"2020-09-02T17:05:34","modified_gmt":"2020-09-02T20:05:34","slug":"promocion-de-inversiones","status":"publish","type":"page","link":"https:\/\/cgsanpablo.com\/pt\/promocion-comercial\/promocion-de-inversiones\/","title":{"rendered":"Promovendo investimentos"},"content":{"rendered":"<p><strong>Por que investir no Uruguai?<\/strong><\/p>\n<p>Crescimento econ\u00f4mico sustentado, distribui\u00e7\u00e3o equitativa de riqueza, altos n\u00edveis de alfabetiza\u00e7\u00e3o, excelente conectividade e velocidade de internet, aliados a um s\u00f3lido arcabou\u00e7o regulat\u00f3rio, s\u00e3o algumas das caracter\u00edsticas que fazem do Uruguai uma excelente op\u00e7\u00e3o e um local seguro para investir.<\/p>\n<p>Do ponto de vista regulat\u00f3rio, o Uruguai possui a Lei de Promo\u00e7\u00e3o e Prote\u00e7\u00e3o de Investimentos desde 1998, o que demonstra uma pol\u00edtica estatal em rela\u00e7\u00e3o ao tratamento de investimentos.<\/p>\n<p>Dentre os aspectos atrativos desta lei, vale destacar que o Uruguai aplica o princ\u00edpio do tratamento nacional, de modo que tanto os produtos quanto os investimentos estrangeiros s\u00e3o tratados da mesma forma que os nacionais, a participa\u00e7\u00e3o de uma contraparte local n\u00e3o \u00e9 exigida para a instala\u00e7\u00e3o de uma empresa estrangeira no pa\u00eds, n\u00e3o h\u00e1 restri\u00e7\u00f5es \u00e0 repatria\u00e7\u00e3o de lucros, nem limite para o capital estrangeiro.<\/p>\n<p>O Uruguai, por sua vez, possui um sistema de livre c\u00e2mbio e um sistema tribut\u00e1rio \u00fanico, comum a todo o territ\u00f3rio.<\/p>\n<p>O Uruguai, por sua vez, \u00e9 um importante centro de log\u00edstica e conectividade na regi\u00e3o, o que o posiciona como uma excelente op\u00e7\u00e3o para a distribui\u00e7\u00e3o e o fornecimento de mercadorias. Isso se reflete na exist\u00eancia dos seguintes regimes:<\/p>\n<ul>\n<li>Zonas Francas<\/li>\n<li>Zonas Francas de Porto e Aeroporto: O Uruguai oferece as \u00fanicas zonas francas de porto e aeroporto na costa atl\u00e2ntica da Am\u00e9rica do Sul. Essas zonas permitem o livre tr\u00e2nsito de mercadorias, bem como o armazenamento e outras atividades.<\/li>\n<li>Instala\u00e7\u00f5es de armazenamento para diversas atividades<\/li>\n<li>Regime de Admiss\u00e3o Tempor\u00e1ria<\/li>\n<\/ul>\n<p>&nbsp;<\/p>\n<p>Todas essas vantagens s\u00e3o ilustradas pelo fato de o Uruguai se destacar na regi\u00e3o em rela\u00e7\u00e3o ao reinvestimento no pa\u00eds dos lucros de empresas estrangeiras, que representa, em m\u00e9dia, 58% desses lucros.<\/p>\n<p>Para obter mais informa\u00e7\u00f5es sobre projetos de investimento espec\u00edficos no Uruguai, entre em contato com o departamento comercial do Consulado Geral por e-mail. <a href=\"mailto:cgsanpablo@mrree.gub.uy\">cgsanpablo@mrree.gub.uy<\/a>.<\/p>\n<p>Links de interesse:<\/p>\n<p><strong>Investindo no Uruguai. Centro de Informa\u00e7\u00f5es Uy XXI<\/strong><\/p>\n<p><a href=\"https:\/\/www.investinuruguay.uy\/es\/\">https:\/\/www.investinuruguay.uy\/es\/<\/a><\/p>\n<p><strong>Lei de Investimento <\/strong><\/p>\n<p><a href=\"https:\/\/legislativo.parlamento.gub.uy\/temporales\/leytemp6625701.htm\">https:\/\/legislativo.parlamento.gub.uy\/temporales\/leytemp6625701.htm<\/a><\/p>\n<p><strong>Minist\u00e9rio da Economia e Finan\u00e7as: Informa\u00e7\u00f5es e requisitos para o funcionamento de Zonas Francas<\/strong><\/p>\n<p><a href=\"https:\/\/www.gub.uy\/ministerio-economia-finanzas\/zonas-francas\">https:\/\/www.gub.uy\/ministerio-economia-finanzas\/zonas-francas<\/a><\/p>\n<p><a href=\"https:\/\/www.investinuruguay.uy\/es\/\">https:\/\/www.investinuruguay.uy\/es\/<\/a><\/p>\n<p><strong>Instituto Nacional de Log\u00edstica (INALOG)<\/strong><\/p>\n<p><a href=\"http:\/\/www.inalog.org.uy\/es\/home\/\">http:\/\/www.inalog.org.uy\/es\/home\/<\/a><\/p>\n<p>&nbsp;<\/p>","protected":false},"excerpt":{"rendered":"<p>Por qu\u00e9 invertir en Uruguay Crecimiento econ\u00f3mico sostenido, distribuci\u00f3n equitativa de la riqueza, alto nivel de alfabetizaci\u00f3n, excelentes condiciones de [&hellip;]<\/p>","protected":false},"author":1,"featured_media":171,"parent":154,"menu_order":4,"comment_status":"closed","ping_status":"closed","template":"","meta":{"_acf_changed":false,"footnotes":""},"class_list":["post-285","page","type-page","status-publish","has-post-thumbnail","hentry"],"acf":[],"_links":{"self":[{"href":"https:\/\/cgsanpablo.com\/pt\/wp-json\/wp\/v2\/pages\/285","targetHints":{"allow":["GET"]}}],"collection":[{"href":"https:\/\/cgsanpablo.com\/pt\/wp-json\/wp\/v2\/pages"}],"about":[{"href":"https:\/\/cgsanpablo.com\/pt\/wp-json\/wp\/v2\/types\/page"}],"author":[{"embeddable":true,"href":"https:\/\/cgsanpablo.com\/pt\/wp-json\/wp\/v2\/users\/1"}],"replies":[{"embeddable":true,"href":"https:\/\/cgsanpablo.com\/pt\/wp-json\/wp\/v2\/comments?post=285"}],"version-history":[{"count":0,"href":"https:\/\/cgsanpablo.com\/pt\/wp-json\/wp\/v2\/pages\/285\/revisions"}],"up":[{"embeddable":true,"href":"https:\/\/cgsanpablo.com\/pt\/wp-json\/wp\/v2\/pages\/154"}],"wp:featuredmedia":[{"embeddable":true,"href":"https:\/\/cgsanpablo.com\/pt\/wp-json\/wp\/v2\/media\/171"}],"wp:attachment":[{"href":"https:\/\/cgsanpablo.com\/pt\/wp-json\/wp\/v2\/media?parent=285"}],"curies":[{"name":"wp","href":"https:\/\/api.w.org\/{rel}","templated":true}]}}