{"id":188,"date":"2020-08-19T17:40:19","date_gmt":"2020-08-19T20:40:19","guid":{"rendered":"https:\/\/cgsanpablo.com\/?page_id=188"},"modified":"2024-10-07T13:07:57","modified_gmt":"2024-10-07T16:07:57","slug":"vinculacion","status":"publish","type":"page","link":"https:\/\/cgsanpablo.com\/pt\/vinculacion\/","title":{"rendered":"Vincula\u00e7\u00e3o"},"content":{"rendered":"<div id=\"pl-188\"  class=\"panel-layout\" ><div id=\"pg-188-0\"  class=\"panel-grid panel-no-style\" ><div id=\"pgc-188-0-0\"  class=\"panel-grid-cell\" ><div id=\"panel-188-0-0-0\" class=\"so-panel widget widget_text panel-first-child panel-last-child\" data-index=\"0\" >\t\t\t<div class=\"textwidget\"><p><img loading=\"lazy\" decoding=\"async\" class=\"size-medium wp-image-190 alignright\" src=\"https:\/\/cgsanpablo.com\/wp-content\/uploads\/2020\/08\/vinculese-1-300x161.jpg\" alt=\"\" width=\"300\" height=\"161\" srcset=\"https:\/\/cgsanpablo.com\/wp-content\/uploads\/2020\/08\/vinculese-1-300x161.jpg 300w, https:\/\/cgsanpablo.com\/wp-content\/uploads\/2020\/08\/vinculese-1.jpg 426w\" sizes=\"auto, (max-width: 300px) 100vw, 300px\" \/><\/p>\n<p>Manter contato com os uruguaios no exterior \u00e9 um objetivo e uma tarefa fundamental do Consulado. Isso nos permite manter contato com os uruguaios que vivem nos estados de S\u00e3o Paulo e Mato Grosso e apoiar seus relacionamentos entre si e com o Uruguai.<\/p>\n<p>&nbsp;<\/p>\n<p>Por meio de atividades como promo\u00e7\u00e3o comercial, mas tamb\u00e9m por meio de divulga\u00e7\u00e3o cultural e atividades sociais, o Consulado Geral do Uruguai em S\u00e3o Paulo busca aproximar e difundir, nos estados de S\u00e3o Paulo, Paran\u00e1, Mato Grosso e Mato Grosso do Sul, parte de nossos costumes e tradi\u00e7\u00f5es, produtos e caracter\u00edsticas \u00fanicas, que contribuem para o posicionamento do Uruguai no Brasil.<\/p>\n<p>Para atingir esse objetivo, a participa\u00e7\u00e3o dos uruguaios que vivem aqui e contribuem, por meio de suas experi\u00eancias, vidas e forma\u00e7\u00e3o neste Estado, \u00e9 fundamental, pois \u00e9 um processo do qual todos nos enriquecemos juntos.<\/p>\n<p>Por esse motivo, disponibilizamos um formul\u00e1rio para que voc\u00ea preencha com suas informa\u00e7\u00f5es, para que possamos entrar em contato mais de perto com o Consulado.<\/p>\n<p>Obrigado pela sua participa\u00e7\u00e3o!<\/p>\n<\/div>\n\t\t<\/div><\/div><\/div><div id=\"pg-188-1\"  class=\"panel-grid panel-has-style\" ><div class=\"siteorigin-panels-stretch panel-row-style panel-row-style-for-188-1\" id=\"form-vinculacion\" data-stretch-type=\"full\" ><div id=\"pgc-188-1-0\"  class=\"panel-grid-cell panel-grid-cell-empty\" ><\/div><div id=\"pgc-188-1-1\"  class=\"panel-grid-cell panel-grid-cell-mobile-last\" ><div id=\"panel-188-1-1-0\" class=\"so-panel widget widget_text panel-first-child panel-last-child\" data-index=\"1\" >\t\t\t<div class=\"textwidget\">\n<div class=\"wpcf7 no-js\" id=\"wpcf7-f191-o1\" lang=\"pt-BR\" dir=\"ltr\" data-wpcf7-id=\"191\">\n<div class=\"screen-reader-response\"><p role=\"status\" aria-live=\"polite\" aria-atomic=\"true\"><\/p> <ul><\/ul><\/div>\n<form action=\"\/pt\/wp-json\/wp\/v2\/pages\/188#wpcf7-f191-o1\" method=\"post\" class=\"wpcf7-form init\" aria-label=\"Formul\u00e1rios de contato\" enctype=\"multipart\/form-data\" novalidate=\"novalidate\" data-status=\"init\" data-trp-original-action=\"\/pt\/wp-json\/wp\/v2\/pages\/188#wpcf7-f191-o1\">\n<fieldset class=\"hidden-fields-container\"><input type=\"hidden\" name=\"_wpcf7\" value=\"191\" \/><input type=\"hidden\" name=\"_wpcf7_version\" value=\"6.1.4\" \/><input type=\"hidden\" name=\"_wpcf7_locale\" value=\"pt_BR\" \/><input type=\"hidden\" name=\"_wpcf7_unit_tag\" value=\"wpcf7-f191-o1\" \/><input type=\"hidden\" name=\"_wpcf7_container_post\" value=\"0\" \/><input type=\"hidden\" name=\"_wpcf7_posted_data_hash\" value=\"\" \/><input type=\"hidden\" name=\"_wpcf7_recaptcha_response\" value=\"\" \/>\n<\/fieldset>\n<div class=\"row\">\n\t<div class=\"col-sm-12\">\n\t\t<p><span class=\"wpcf7-form-control-wrap\" data-name=\"nombre\"><input size=\"40\" maxlength=\"400\" class=\"wpcf7-form-control wpcf7-text wpcf7-validates-as-required\" aria-required=\"true\" aria-invalid=\"false\" placeholder=\"nome completo\" value=\"\" type=\"text\" name=\"nombre\" \/><\/span>\n\t\t<\/p>\n\t<\/div>\n\t<div class=\"col-sm-6\">\n\t\t<p><span class=\"wpcf7-form-control-wrap\" data-name=\"cedula\"><input size=\"40\" maxlength=\"400\" class=\"wpcf7-form-control wpcf7-text wpcf7-validates-as-required\" aria-required=\"true\" aria-invalid=\"false\" placeholder=\"carteira de identidade\" value=\"\" type=\"text\" name=\"cedula\" \/><\/span>\n\t\t<\/p>\n\t<\/div>\n\t<div class=\"col-sm-6\">\n\t\t<p><span class=\"wpcf7-form-control-wrap\" data-name=\"documento\"><input size=\"40\" maxlength=\"400\" class=\"wpcf7-form-control wpcf7-text wpcf7-validates-as-required\" aria-required=\"true\" aria-invalid=\"false\" placeholder=\"Documento de identidade de estrangeiro\" value=\"\" type=\"text\" name=\"documento\" \/><\/span>\n\t\t<\/p>\n\t<\/div>\n\t<div class=\"col-sm-6\">\n\t\t<p><span class=\"wpcf7-form-control-wrap\" data-name=\"profesion\"><input size=\"40\" maxlength=\"400\" class=\"wpcf7-form-control wpcf7-text wpcf7-validates-as-required\" aria-required=\"true\" aria-invalid=\"false\" placeholder=\"profiss\u00e3o\/com\u00e9rcio\" value=\"\" type=\"text\" name=\"profesion\" \/><\/span>\n\t\t<\/p>\n\t<\/div>\n\t<div class=\"col-sm-6\">\n\t\t<p><span class=\"wpcf7-form-control-wrap\" data-name=\"empresa\"><input size=\"40\" maxlength=\"400\" class=\"wpcf7-form-control wpcf7-text wpcf7-validates-as-required\" aria-required=\"true\" aria-invalid=\"false\" placeholder=\"empresa onde voc\u00ea trabalha\" value=\"\" type=\"text\" name=\"empresa\" \/><\/span>\n\t\t<\/p>\n\t<\/div>\n\t<div class=\"col-sm-6\">\n\t\t<p><span class=\"wpcf7-form-control-wrap\" data-name=\"correopersonal\"><input size=\"40\" maxlength=\"400\" class=\"wpcf7-form-control wpcf7-email wpcf7-validates-as-required wpcf7-text wpcf7-validates-as-email\" aria-required=\"true\" aria-invalid=\"false\" placeholder=\"e-mail pessoal\" value=\"\" type=\"email\" name=\"correopersonal\" \/><\/span>\n\t\t<\/p>\n\t<\/div>\n\t<div class=\"col-sm-6\">\n\t\t<p><span class=\"wpcf7-form-control-wrap\" data-name=\"correoprofesional\"><input size=\"40\" maxlength=\"400\" class=\"wpcf7-form-control wpcf7-email wpcf7-validates-as-required wpcf7-text wpcf7-validates-as-email\" aria-required=\"true\" aria-invalid=\"false\" placeholder=\"e-mail profissional\" value=\"\" type=\"email\" name=\"correoprofesional\" \/><\/span>\n\t\t<\/p>\n\t<\/div>\n\t<div class=\"col-sm-6\">\n\t\t<p><span class=\"wpcf7-form-control-wrap\" data-name=\"celular\"><input size=\"40\" maxlength=\"400\" class=\"wpcf7-form-control wpcf7-tel wpcf7-validates-as-required wpcf7-text wpcf7-validates-as-tel\" aria-required=\"true\" aria-invalid=\"false\" placeholder=\"celular pessoal\" value=\"\" type=\"tel\" name=\"celular\" \/><\/span>\n\t\t<\/p>\n\t<\/div>\n\t<div class=\"col-sm-6\">\n\t\t<p><span class=\"wpcf7-form-control-wrap\" data-name=\"telefonoempresa\"><input size=\"40\" maxlength=\"400\" class=\"wpcf7-form-control wpcf7-tel wpcf7-validates-as-required wpcf7-text wpcf7-validates-as-tel\" aria-required=\"true\" aria-invalid=\"false\" placeholder=\"telefone da empresa\" value=\"\" type=\"tel\" name=\"telefonoempresa\" \/><\/span>\n\t\t<\/p>\n\t<\/div>\n\t<div class=\"col-sm-6\">\n\t\t<p><span class=\"wpcf7-form-control-wrap\" data-name=\"telefonofamilia\"><input size=\"40\" maxlength=\"400\" class=\"wpcf7-form-control wpcf7-tel wpcf7-validates-as-required wpcf7-text wpcf7-validates-as-tel\" aria-required=\"true\" aria-invalid=\"false\" placeholder=\"n\u00famero de telefone de outro membro da fam\u00edlia\" value=\"\" type=\"tel\" name=\"telefonofamilia\" \/><\/span>\n\t\t<\/p>\n\t<\/div>\n\t<div class=\"col-sm-6\">\n\t\t<p><span class=\"wpcf7-form-control-wrap\" data-name=\"domicilio\"><input size=\"40\" maxlength=\"400\" class=\"wpcf7-form-control wpcf7-text wpcf7-validates-as-required\" aria-required=\"true\" aria-invalid=\"false\" placeholder=\"resid\u00eancia\" value=\"\" type=\"text\" name=\"domicilio\" \/><\/span>\n\t\t<\/p>\n\t<\/div>\n\t<div class=\"col-sm-12\">\n\t\t<div class=\"foto-wrapper\">\n\t\t\t<p><label for=\"foto\"> Foto <\/label><span class=\"wpcf7-form-control-wrap\" data-name=\"foto\"><input size=\"40\" class=\"wpcf7-form-control wpcf7-file\" id=\"foto\" accept=\"audio\/*,video\/*,image\/*\" aria-invalid=\"false\" type=\"file\" name=\"foto\" \/><\/span>\n\t\t\t<\/p>\n\t\t<\/div>\n\t<\/div>\n<\/div>\n<div class=\"row\">\n\t<div class=\"col-sm-2 offset-sm-5\">\n\t\t<p><input class=\"wpcf7-form-control wpcf7-submit has-spinner\" type=\"submit\" value=\"Enviar\" \/>\n\t\t<\/p>\n\t<\/div>\n<\/div><div class=\"wpcf7-response-output\" aria-hidden=\"true\"><\/div>\n<input type=\"hidden\" name=\"trp-form-language\" value=\"pt\"\/><\/form>\n<\/div>\n\n<\/div>\n\t\t<\/div><\/div><div id=\"pgc-188-1-2\"  class=\"panel-grid-cell panel-grid-cell-empty\" ><\/div><\/div><\/div><div id=\"pg-188-2\"  class=\"panel-grid panel-has-style\" ><div class=\"siteorigin-panels-stretch panel-row-style panel-row-style-for-188-2\" id=\"duvidas\" data-stretch-type=\"full\" ><div id=\"pgc-188-2-0\"  class=\"panel-grid-cell\" ><div id=\"panel-188-2-0-0\" class=\"so-panel widget widget_text panel-first-child panel-last-child\" data-index=\"2\" >\t\t\t<div class=\"textwidget\"><!-- Widget Shortcode --><div id=\"custom_html-5\" class=\"widget_text widget widget_custom_html widget-shortcode area-arbitrary\"><div class=\"textwidget custom-html-widget\"><div class=\"container\">\r\n    <div class=\"row\">\r\n        <div class=\"col-sm-6\">\r\n            <h3>Ficou com alguma d\u00favida?<\/h3>\r\n        <\/div>\r\n        <div class=\"col-sm-6\">\r\n            <a href=\"https:\/\/cgsanpablo.com\/pt\/preguntas-frecuentes\/\"><button class=\"btn btn-primary\">Veja a lista de perguntas frequentes.<\/button><\/a>\r\n        <\/div>\r\n    <\/div>\r\n<\/div><\/div><\/div><!-- \/Widget Shortcode -->\n<\/div>\n\t\t<\/div><\/div><\/div><\/div><div id=\"pg-188-3\"  class=\"panel-grid panel-has-style\" ><div class=\"siteorigin-panels-stretch panel-row-style panel-row-style-for-188-3\" id=\"otros-tramites\" data-stretch-type=\"full\" ><div id=\"pgc-188-3-0\"  class=\"panel-grid-cell\" ><div id=\"panel-188-3-0-0\" class=\"so-panel widget widget_text panel-first-child panel-last-child\" data-index=\"3\" >\t\t\t<div class=\"textwidget\"><!-- Widget Shortcode --><div id=\"themegrill_flash_blog-2\" class=\"widget tg-widget blog-section widget-shortcode area-wp_inactive_widgets\">\n<div class=\"blog-wrapper tg-column-wrapper tg-blog-widget-layout-2\">\n    \t\n    \t\t<div class=\"owl-carousel\">\n\t\t\n\t    \n\t<a href=\"https:\/\/cgsanpablo.com\/pt\/cedula-de-identidad\/\">\n\t<div class=\"tg-blog-widget\">\n\t\n\t\t\t\t<div class=\"post-image\">\n\t\t    <img src=\"https:\/\/cgsanpablo.com\/wp-content\/uploads\/2020\/08\/ico-cedula.png\">\t\t<\/div>\n\t\t<div class=\"blog-content\">\n\t\t\t<h3 class=\"entry-title\">C\u00e9dula de Identidade Uruguaia<\/h3>\n\t\t\t\n\t\t\t\t\t<\/div>\n\t<\/div><\/a>\n\t    \n\t<a href=\"https:\/\/cgsanpablo.com\/pt\/documentacion-de-viaje\/\">\n\t<div class=\"tg-blog-widget\">\n\t\n\t\t\t\t<div class=\"post-image\">\n\t\t    <img src=\"https:\/\/cgsanpablo.com\/wp-content\/uploads\/2020\/08\/ico-viaje.png\">\t\t<\/div>\n\t\t<div class=\"blog-content\">\n\t\t\t<h3 class=\"entry-title\">Documentos para viagem<\/h3>\n\t\t\t\n\t\t\t\t\t<\/div>\n\t<\/div><\/a>\n\t    \n\t<a href=\"https:\/\/cgsanpablo.com\/pt\/certificado-de-nacionalidad-o-ciudadania-uruguaya\/\">\n\t<div class=\"tg-blog-widget\">\n\t\n\t\t\t\t<div class=\"post-image\">\n\t\t    <img src=\"https:\/\/cgsanpablo.com\/wp-content\/uploads\/2020\/08\/ico-certificado.png\">\t\t<\/div>\n\t\t<div class=\"blog-content\">\n\t\t\t<h3 class=\"entry-title\">Certificado de Nacionalidade ou Cidadania Uruguaia<\/h3>\n\t\t\t\n\t\t\t\t\t<\/div>\n\t<\/div><\/a>\n\t    \n\t<a href=\"https:\/\/cgsanpablo.com\/pt\/certificado-de-antecedentes-penales\/\">\n\t<div class=\"tg-blog-widget\">\n\t\n\t\t\t\t<div class=\"post-image\">\n\t\t    <img src=\"https:\/\/cgsanpablo.com\/wp-content\/uploads\/2020\/08\/ico-certificado.png\">\t\t<\/div>\n\t\t<div class=\"blog-content\">\n\t\t\t<h3 class=\"entry-title\">Certificado de Antecedentes Judiciais\/Criminais<\/h3>\n\t\t\t\n\t\t\t\t\t<\/div>\n\t<\/div><\/a>\n\t    \n\t<a href=\"https:\/\/cgsanpablo.com\/pt\/emision-certificados-de-existencia\/\">\n\t<div class=\"tg-blog-widget\">\n\t\n\t\t\t\t<div class=\"post-image\">\n\t\t    <img src=\"https:\/\/cgsanpablo.com\/wp-content\/uploads\/2020\/08\/ico-emision.png\">\t\t<\/div>\n\t\t<div class=\"blog-content\">\n\t\t\t<h3 class=\"entry-title\">Emiss\u00e3o de Certificados de Exist\u00eancia<\/h3>\n\t\t\t\n\t\t\t\t\t<\/div>\n\t<\/div><\/a>\n\t    \n\t<a href=\"https:\/\/cgsanpablo.com\/pt\/emision-de-partidas\/\">\n\t<div class=\"tg-blog-widget\">\n\t\n\t\t\t\t<div class=\"post-image\">\n\t\t    <img src=\"https:\/\/cgsanpablo.com\/wp-content\/uploads\/2020\/08\/ico-partidas.png\">\t\t<\/div>\n\t\t<div class=\"blog-content\">\n\t\t\t<h3 class=\"entry-title\">Emiss\u00e3o de Certid\u00f5es<\/h3>\n\t\t\t\n\t\t\t\t\t<\/div>\n\t<\/div><\/a>\n\t    \n\t<a href=\"https:\/\/cgsanpablo.com\/pt\/solicitudes-de-visa\/\">\n\t<div class=\"tg-blog-widget\">\n\t\n\t\t\t\t<div class=\"post-image\">\n\t\t    <img src=\"https:\/\/cgsanpablo.com\/wp-content\/uploads\/2020\/08\/ico-visa.png\">\t\t<\/div>\n\t\t<div class=\"blog-content\">\n\t\t\t<h3 class=\"entry-title\">Aplica\u00e7\u00e3o do visto<\/h3>\n\t\t\t\n\t\t\t\t\t<\/div>\n\t<\/div><\/a>\n\t    \n\t<a href=\"https:\/\/cgsanpablo.com\/pt\/solicitud-de-residencia-permanente-en-uruguay-2\/\">\n\t<div class=\"tg-blog-widget\">\n\t\n\t\t\t\t<div class=\"post-image\">\n\t\t    <img src=\"https:\/\/cgsanpablo.com\/wp-content\/uploads\/2020\/08\/ico-solicitud.png\">\t\t<\/div>\n\t\t<div class=\"blog-content\">\n\t\t\t<h3 class=\"entry-title\">Solicita\u00e7\u00e3o de Resid\u00eancia Permanente no Uruguai<\/h3>\n\t\t\t\n\t\t\t\t\t<\/div>\n\t<\/div><\/a>\n\t    \n\t<a href=\"https:\/\/cgsanpablo.com\/pt\/solicitud-de-residencia-permanente-en-uruguay\/\">\n\t<div class=\"tg-blog-widget\">\n\t\n\t\t\t\t<div class=\"post-image\">\n\t\t    <img src=\"https:\/\/cgsanpablo.com\/wp-content\/uploads\/2020\/08\/ico-solicitud.png\">\t\t<\/div>\n\t\t<div class=\"blog-content\">\n\t\t\t<h3 class=\"entry-title\">Solicita\u00e7\u00e3o de Resid\u00eancia Permanente no Uruguai<\/h3>\n\t\t\t\n\t\t\t\t\t<\/div>\n\t<\/div><\/a>\n\t    \n\t<a href=\"https:\/\/cgsanpablo.com\/pt\/tramite-de-retorno-a-uruguay\/\">\n\t<div class=\"tg-blog-widget\">\n\t\n\t\t\t\t<div class=\"post-image\">\n\t\t    <img src=\"https:\/\/cgsanpablo.com\/wp-content\/uploads\/2020\/08\/ico-retorno.png\">\t\t<\/div>\n\t\t<div class=\"blog-content\">\n\t\t\t<h3 class=\"entry-title\">Tr\u00e2mites de retorno ao Uruguai<\/h3>\n\t\t\t\n\t\t\t\t\t<\/div>\n\t<\/div><\/a>\n\t    <\/div>\n<\/div><!-- .blog-wrapper -->\n<\/div><!-- \/Widget Shortcode -->\n<\/div>\n\t\t<\/div><\/div><\/div><\/div><\/div>","protected":false},"excerpt":{"rendered":"<p>La vinculaci\u00f3n con los compatriotas en el exterior es un objetivo y una tarea fundamental del\u00a0Consulado. Nos permite estar conectados [&hellip;]<\/p>","protected":false},"author":1,"featured_media":189,"parent":0,"menu_order":1,"comment_status":"closed","ping_status":"closed","template":"","meta":{"_acf_changed":false,"footnotes":""},"class_list":["post-188","page","type-page","status-publish","has-post-thumbnail","hentry"],"acf":[],"_links":{"self":[{"href":"https:\/\/cgsanpablo.com\/pt\/wp-json\/wp\/v2\/pages\/188","targetHints":{"allow":["GET"]}}],"collection":[{"href":"https:\/\/cgsanpablo.com\/pt\/wp-json\/wp\/v2\/pages"}],"about":[{"href":"https:\/\/cgsanpablo.com\/pt\/wp-json\/wp\/v2\/types\/page"}],"author":[{"embeddable":true,"href":"https:\/\/cgsanpablo.com\/pt\/wp-json\/wp\/v2\/users\/1"}],"replies":[{"embeddable":true,"href":"https:\/\/cgsanpablo.com\/pt\/wp-json\/wp\/v2\/comments?post=188"}],"version-history":[{"count":0,"href":"https:\/\/cgsanpablo.com\/pt\/wp-json\/wp\/v2\/pages\/188\/revisions"}],"wp:featuredmedia":[{"embeddable":true,"href":"https:\/\/cgsanpablo.com\/pt\/wp-json\/wp\/v2\/media\/189"}],"wp:attachment":[{"href":"https:\/\/cgsanpablo.com\/pt\/wp-json\/wp\/v2\/media?parent=188"}],"curies":[{"name":"wp","href":"https:\/\/api.w.org\/{rel}","templated":true}]}}