{"id":163,"date":"2020-08-19T16:25:42","date_gmt":"2020-08-19T19:25:42","guid":{"rendered":"https:\/\/cgsanpablo.com\/?page_id=163"},"modified":"2020-09-02T17:05:50","modified_gmt":"2020-09-02T20:05:50","slug":"exportaciones-uruguayas","status":"publish","type":"page","link":"https:\/\/cgsanpablo.com\/pt\/promocion-comercial\/exportaciones-uruguayas\/","title":{"rendered":"Exporta\u00e7\u00f5es uruguaias"},"content":{"rendered":"<p><strong>O que importa e porqu\u00ea?<\/strong><\/p>\n<p><img loading=\"lazy\" decoding=\"async\" class=\"size-medium wp-image-164 alignright\" src=\"https:\/\/cgsanpablo.com\/wp-content\/uploads\/2020\/08\/exportaciones-1-300x221.jpg\" alt=\"\" width=\"300\" height=\"221\" srcset=\"https:\/\/cgsanpablo.com\/wp-content\/uploads\/2020\/08\/exportaciones-1-300x221.jpg 300w, https:\/\/cgsanpablo.com\/wp-content\/uploads\/2020\/08\/exportaciones-1.jpg 350w\" sizes=\"auto, (max-width: 300px) 100vw, 300px\" \/>O Uruguai possui uma localiza\u00e7\u00e3o geogr\u00e1fica estrat\u00e9gica e uma excelente riqueza de recursos naturais, o que historicamente o posicionou como um exportador l\u00edquido de produtos agr\u00edcolas de ineg\u00e1vel qualidade.<\/p>\n<p>La calidad y dedicaci\u00f3n en la producci\u00f3n, el apego a las normas del comercio y el cumplimiento a los<br \/>\nPadr\u00f5es internacionais, bem como um compromisso com a seguran\u00e7a alimentar global, fazem<br \/>\nO Uruguai \u00e9 um parceiro indiscut\u00edvel no com\u00e9rcio de alimentos e produtos agr\u00edcolas em geral.<\/p>\n<p>Na rela\u00e7\u00e3o com o Brasil, isso se observa em setores tradicionais como carne, latic\u00ednios ou o<br \/>\narroz, onde o Uruguai se posiciona como o primeiro ou segundo fornecedor, bem como no crescente<br \/>\nposicionamento como fornecedor para o mercado do norte de outros produtos, como prepara\u00e7\u00f5es.<br \/>\nprodutos aliment\u00edcios, vinhos, azeite ou frutas c\u00edtricas.<\/p>\n<p>Al\u00e9m desses setores tradicionais, o Uruguai \u00e9 altamente competitivo em suas exporta\u00e7\u00f5es de produtos agroindustriais, entre os quais se destacam o setor florestal e madeireiro, especialmente para o mercado brasileiro, assim como o setor cient\u00edfico e farmac\u00eautico.<\/p>\n<p>No que diz respeito a suprimentos m\u00e9dicos e medicamentos, a cannabis medicinal \u00e9 de particular interesse, assim como o potencial oferecido pela presen\u00e7a consolidada desses produtos no Uruguai para o desenvolvimento do setor no Brasil.<\/p>\n<p>No que diz respeito \u00e0 oferta de servi\u00e7os, vale destacar sua crescente import\u00e2ncia na pauta de exporta\u00e7\u00f5es do Uruguai. Nesse sentido, o Uruguai se consolida como um importante fornecedor de servi\u00e7os nas ind\u00fastrias criativas, bem como nos setores farmac\u00eautico e de sa\u00fade.<\/p>\n<p><img loading=\"lazy\" decoding=\"async\" class=\"size-medium wp-image-165 alignleft\" src=\"https:\/\/cgsanpablo.com\/wp-content\/uploads\/2020\/08\/exportaciones-2-300x221.jpg\" alt=\"\" width=\"300\" height=\"221\" srcset=\"https:\/\/cgsanpablo.com\/wp-content\/uploads\/2020\/08\/exportaciones-2-300x221.jpg 300w, https:\/\/cgsanpablo.com\/wp-content\/uploads\/2020\/08\/exportaciones-2.jpg 350w\" sizes=\"auto, (max-width: 300px) 100vw, 300px\" \/>Fortalecido pela exist\u00eancia e participa\u00e7\u00e3o cont\u00ednua do Uruguai e do Brasil no bloco Mercosul,<br \/>\na entrada de produtos uruguaios neste mercado \u00e9 incentivada por uma forte conex\u00e3o.<br \/>\nO acesso a\u00e9reo e terrestre faz do Uruguai um centro de interesse para o fornecimento de bens e servi\u00e7os ao pa\u00eds.<br \/>\nMercado exigente e competitivo de San Pablo.<\/p>\n<p>Para obter mais informa\u00e7\u00f5es sobre produtos uruguaios, entre em contato com o departamento de vendas da [nome da empresa\/organiza\u00e7\u00e3o].<br \/>\nConsulado Geral via e-mail cgsanpablo@mrree.gub.uy.<\/p>\n<p>Al\u00e9m disso, para obter mais informa\u00e7\u00f5es sobre esses setores, fornecemos o seguinte link.<br \/>\ndo Instituto para a Promo\u00e7\u00e3o de Investimentos, Exporta\u00e7\u00f5es e Imagem do Pa\u00eds, Uruguai XXI<\/p>\n<p>https:\/\/www.buyfromuruguay.uy\/es\/<\/p>\n<p>&nbsp;<\/p>","protected":false},"excerpt":{"rendered":"<p>\u00bfQu\u00e9 importar, por qu\u00e9? Uruguay posee una ubicaci\u00f3n geogr\u00e1fica estrat\u00e9gica y una excelente dotaci\u00f3n de recursos naturales, que lo han [&hellip;]<\/p>","protected":false},"author":1,"featured_media":171,"parent":154,"menu_order":5,"comment_status":"closed","ping_status":"closed","template":"","meta":{"_acf_changed":false,"footnotes":""},"class_list":["post-163","page","type-page","status-publish","has-post-thumbnail","hentry"],"acf":[],"_links":{"self":[{"href":"https:\/\/cgsanpablo.com\/pt\/wp-json\/wp\/v2\/pages\/163","targetHints":{"allow":["GET"]}}],"collection":[{"href":"https:\/\/cgsanpablo.com\/pt\/wp-json\/wp\/v2\/pages"}],"about":[{"href":"https:\/\/cgsanpablo.com\/pt\/wp-json\/wp\/v2\/types\/page"}],"author":[{"embeddable":true,"href":"https:\/\/cgsanpablo.com\/pt\/wp-json\/wp\/v2\/users\/1"}],"replies":[{"embeddable":true,"href":"https:\/\/cgsanpablo.com\/pt\/wp-json\/wp\/v2\/comments?post=163"}],"version-history":[{"count":0,"href":"https:\/\/cgsanpablo.com\/pt\/wp-json\/wp\/v2\/pages\/163\/revisions"}],"up":[{"embeddable":true,"href":"https:\/\/cgsanpablo.com\/pt\/wp-json\/wp\/v2\/pages\/154"}],"wp:featuredmedia":[{"embeddable":true,"href":"https:\/\/cgsanpablo.com\/pt\/wp-json\/wp\/v2\/media\/171"}],"wp:attachment":[{"href":"https:\/\/cgsanpablo.com\/pt\/wp-json\/wp\/v2\/media?parent=163"}],"curies":[{"name":"wp","href":"https:\/\/api.w.org\/{rel}","templated":true}]}}