{"id":154,"date":"2020-08-19T16:16:36","date_gmt":"2020-08-19T19:16:36","guid":{"rendered":"https:\/\/cgsanpablo.com\/?page_id=154"},"modified":"2020-09-02T17:04:23","modified_gmt":"2020-09-02T20:04:23","slug":"promocion-comercial","status":"publish","type":"page","link":"https:\/\/cgsanpablo.com\/pt\/promocion-comercial\/","title":{"rendered":"Informa\u00e7\u00f5es comerciais"},"content":{"rendered":"<div id=\"pl-154\"  class=\"panel-layout\" ><div id=\"pg-154-0\"  class=\"panel-grid panel-no-style\" ><div id=\"pgc-154-0-0\"  class=\"panel-grid-cell\" ><div id=\"panel-154-0-0-0\" class=\"so-panel widget widget_text panel-first-child panel-last-child\" data-index=\"0\" >\t\t\t<div class=\"textwidget\"><p>Historicamente, o Uruguai e o Brasil t\u00eam sido parceiros comerciais estrat\u00e9gicos, uma rela\u00e7\u00e3o que se reflete em fortes fluxos de com\u00e9rcio exterior, bem como em importantes projetos de investimento.<\/p>\n<p>O Consulado Geral do Uruguai em S\u00e3o Paulo, em seu papel de centro comercial, tem entre suas atribui\u00e7\u00f5es o trabalho de fortalecer as exporta\u00e7\u00f5es uruguaias para o Brasil, particularmente para este Estado, bem como incentivar projetos de investimento no Uruguai.<\/p>\n<p>Como unidade do Minist\u00e9rio das Rela\u00e7\u00f5es Exteriores do Uruguai, o Consulado, em sua fun\u00e7\u00e3o de agente de promo\u00e7\u00e3o comercial, mant\u00e9m contato com institui\u00e7\u00f5es, c\u00e2maras de com\u00e9rcio e ag\u00eancias no Uruguai, a fim de coletar as informa\u00e7\u00f5es necess\u00e1rias e estabelecer os contatos indispens\u00e1veis \u200b\u200bpara manter e fortalecer os la\u00e7os comerciais.<\/p>\n<\/div>\n\t\t<\/div><\/div><\/div><div id=\"pg-154-1\"  class=\"panel-grid panel-no-style\" ><div id=\"pgc-154-1-0\"  class=\"panel-grid-cell\" ><div id=\"panel-154-1-0-0\" class=\"so-panel widget widget_themegrill_flash_service tg-widget tg-single-service panel-first-child panel-last-child\" data-index=\"1\" >\n<div class=\"tg-service-widget tg-service-layout-1\">\n\t<div class=\"service-wrapper\">\n\t\t<div class=\"service-icon-title-wrapper clearfix\">\n\t\t\t\t\t\t\t\t\t<figure class=\"service-image-wrap\"><img decoding=\"async\" src=\"https:\/\/cgsanpablo.com\/wp-content\/uploads\/2020\/08\/promo-1.jpg\" \/><\/figure>\n\t\t\t\t\t\t\t\t\t<h3 class=\"service-title-wrap\">\n\t\t\t\t\t\t\t\t<a href=\"https:\/\/cgsanpablo.com\/pt\/promocion-comercial\/exportaciones-uruguayas\/\">\n\t\t\t\tExporta\u00e7\u00f5es uruguaias\t\t\t\t\t\t\t\t<\/a>\n\t\t\t\t\t\t\t<\/h3>\n\t\t\t\t\t<\/div>\n\t\t\t\t<div class=\"service-content-wrap\">O Uruguai possui uma localiza\u00e7\u00e3o geogr\u00e1fica estrat\u00e9gica e uma excelente dota\u00e7\u00e3o de recursos naturais, o que historicamente o posicionou como um exportador l\u00edquido de produtos agr\u00edcolas de ineg\u00e1vel qualidade.<\/div>\n\t\t\t\t\t\t<a class=\"service-more\" href=\"https:\/\/cgsanpablo.com\/pt\/promocion-comercial\/exportaciones-uruguayas\/\">Leia mais<\/a>\n\t\t\t<\/div>\n<\/div>\n<\/div><\/div><div id=\"pgc-154-1-1\"  class=\"panel-grid-cell\" ><div id=\"panel-154-1-1-0\" class=\"so-panel widget widget_themegrill_flash_service tg-widget tg-single-service panel-first-child panel-last-child\" data-index=\"2\" >\n<div class=\"tg-service-widget tg-service-layout-1\">\n\t<div class=\"service-wrapper\">\n\t\t<div class=\"service-icon-title-wrapper clearfix\">\n\t\t\t\t\t\t\t\t\t<figure class=\"service-image-wrap\"><img decoding=\"async\" src=\"https:\/\/cgsanpablo.com\/wp-content\/uploads\/2020\/08\/promo-2.jpg\" \/><\/figure>\n\t\t\t\t\t\t\t\t\t<h3 class=\"service-title-wrap\">\n\t\t\t\t\t\t\t\t<a href=\"https:\/\/cgsanpablo.com\/pt\/promocion-comercial\/promocion-de-inversiones\/\">\n\t\t\t\tPromovendo investimentos\t\t\t\t\t\t\t\t<\/a>\n\t\t\t\t\t\t\t<\/h3>\n\t\t\t\t\t<\/div>\n\t\t\t\t<div class=\"service-content-wrap\">Crescimento econ\u00f4mico sustentado, distribui\u00e7\u00e3o equitativa de riqueza, altos \u00edndices de alfabetiza\u00e7\u00e3o, excelente conectividade e velocidade de internet, aliados a um s\u00f3lido arcabou\u00e7o regulat\u00f3rio, s\u00e3o algumas das caracter\u00edsticas que fazem do Uruguai um pa\u00eds...<\/div>\n\t\t\t\t\t\t<a class=\"service-more\" href=\"https:\/\/cgsanpablo.com\/pt\/promocion-comercial\/promocion-de-inversiones\/\">Leia mais<\/a>\n\t\t\t<\/div>\n<\/div>\n<\/div><\/div><div id=\"pgc-154-1-2\"  class=\"panel-grid-cell\" ><div id=\"panel-154-1-2-0\" class=\"so-panel widget widget_themegrill_flash_service tg-widget tg-single-service panel-first-child panel-last-child\" data-index=\"3\" >\n<div class=\"tg-service-widget tg-service-layout-1\">\n\t<div class=\"service-wrapper\">\n\t\t<div class=\"service-icon-title-wrapper clearfix\">\n\t\t\t\t\t\t\t\t\t<figure class=\"service-image-wrap\"><img decoding=\"async\" src=\"https:\/\/cgsanpablo.com\/wp-content\/uploads\/2020\/08\/promo-3.jpg\" \/><\/figure>\n\t\t\t\t\t\t\t\t\t<h3 class=\"service-title-wrap\">\n\t\t\t\t\t\t\t\t<a href=\"https:\/\/cgsanpablo.com\/pt\/promocion-comercial\/eventos-en-san-pablo\/\">\n\t\t\t\tEventos em S\u00e3o Paulo\t\t\t\t\t\t\t\t<\/a>\n\t\t\t\t\t\t\t<\/h3>\n\t\t\t\t\t<\/div>\n\t\t\t\t<div class=\"service-content-wrap\">Nesta se\u00e7\u00e3o, voc\u00ea encontrar\u00e1 informa\u00e7\u00f5es sobre eventos e feiras comerciais que acontecem em S\u00e3o Petersburgo, bem como atividades de promo\u00e7\u00e3o do pa\u00eds organizadas pelo Consulado.<\/div>\n\t\t\t\t\t\t<a class=\"service-more\" href=\"https:\/\/cgsanpablo.com\/pt\/promocion-comercial\/eventos-en-san-pablo\/\">Leia mais<\/a>\n\t\t\t<\/div>\n<\/div>\n<\/div><\/div><\/div><\/div>","protected":false},"excerpt":{"rendered":"<p>Hist\u00f3ricamente, Uruguay y Brasil han sido socios comerciales estrat\u00e9gicos, relaci\u00f3n que se expresa en los s\u00f3lidos flujos de comercio exterior, [&hellip;]<\/p>","protected":false},"author":1,"featured_media":162,"parent":0,"menu_order":2,"comment_status":"closed","ping_status":"closed","template":"","meta":{"_acf_changed":false,"footnotes":""},"class_list":["post-154","page","type-page","status-publish","has-post-thumbnail","hentry"],"acf":[],"_links":{"self":[{"href":"https:\/\/cgsanpablo.com\/pt\/wp-json\/wp\/v2\/pages\/154","targetHints":{"allow":["GET"]}}],"collection":[{"href":"https:\/\/cgsanpablo.com\/pt\/wp-json\/wp\/v2\/pages"}],"about":[{"href":"https:\/\/cgsanpablo.com\/pt\/wp-json\/wp\/v2\/types\/page"}],"author":[{"embeddable":true,"href":"https:\/\/cgsanpablo.com\/pt\/wp-json\/wp\/v2\/users\/1"}],"replies":[{"embeddable":true,"href":"https:\/\/cgsanpablo.com\/pt\/wp-json\/wp\/v2\/comments?post=154"}],"version-history":[{"count":0,"href":"https:\/\/cgsanpablo.com\/pt\/wp-json\/wp\/v2\/pages\/154\/revisions"}],"wp:featuredmedia":[{"embeddable":true,"href":"https:\/\/cgsanpablo.com\/pt\/wp-json\/wp\/v2\/media\/162"}],"wp:attachment":[{"href":"https:\/\/cgsanpablo.com\/pt\/wp-json\/wp\/v2\/media?parent=154"}],"curies":[{"name":"wp","href":"https:\/\/api.w.org\/{rel}","templated":true}]}}