{"id":1027,"date":"2022-04-29T10:47:57","date_gmt":"2022-04-29T13:47:57","guid":{"rendered":"https:\/\/cgsanpablo.com\/loja\/"},"modified":"2025-12-03T10:08:57","modified_gmt":"2025-12-03T13:08:57","slug":"consulados_en_brasil","status":"publish","type":"page","link":"https:\/\/cgsanpablo.com\/pt\/consulados_en_brasil\/","title":{"rendered":"Consulados do Uruguai no Brasil e jurisdi\u00e7\u00f5es"},"content":{"rendered":"<div class=\"floatbox\">\n<div class=\"reparticion\"><strong>Secci\u00f3n Consular de la Embajada de Uruguay en Bras\u00edlia<\/strong><\/div>\n<div>Avenida das Nac\u00f5es, Qd. 803 Lote 14 \u2013 Setor de Embaixadas Sul (SES)<\/div>\n<div>Bras\u00edlia &#8211; DF &#8211; 70.450-900<\/div>\n<div>Tel\u00e9fono: +5561 3322 1200\/+5561 3025 9759\/+5561 3025 9760<\/div>\n<div>Tel\u00e9fono de Guardia: +55 61 99168 9817<\/div>\n<div>E-mail:\u00a0<a href=\"mailto:cdbrasilia@mrree.gub.uy\">cdbrasilia@mrree.gub.uy<\/a><\/div>\n<div>Sitio web:\u00a0<a href=\"https:\/\/www.cdbrasilia.com\/\">https:\/\/www.cdbrasilia.com\/<\/a><\/div>\n<div id=\"j18\" class=\"jurisTitulo collapsed\"><\/div>\n<div id=\"j18\" class=\"jurisTitulo collapsed\">Jurisdicci\u00f3n: Distrito Federal y los Estados de Acre, Alagoas, Amap\u00e1, Amazonas, Cear\u00e1, Goi\u00e1s, Maranh\u00e3o, Par\u00e1, Para\u00edba, Pernambuco, Piau\u00ed, R\u00edo Grande del Norte, Rondonia, Roraima, Sergipe y Tocantins.<\/div>\n<hr \/>\n<div class=\"reparticion\"><strong>Consulado General en San Pablo<\/strong><\/div>\n<div>Avenida Paulista No 1776, 9no piso Edif\u00edcio Parque Avenida<\/div>\n<div>S\u00e3o Paulo &#8211; SP &#8211; 01310-200<\/div>\n<div>Tel\u00e9fono: +55 11 2879 6600<\/div>\n<div>Tel\u00e9fono de Guardia: +55 11 98689 2567<\/div>\n<div>E-mail:\u00a0<a href=\"mailto:cgsanpablo@mrree.gub.uy\">cgsanpablo@mrree.gub.uy<\/a><\/div>\n<div id=\"j2\" class=\"jurisTitulo collapsed\">Jurisdicci\u00f3n: Estados de S\u00e3o Paulo, Mato Grosso, Mato Grosso do Sul y Paran\u00e1.<\/div>\n<hr \/>\n<div class=\"reparticion\"><strong>Consulado General en Rio de Janeiro<\/strong><\/div>\n<div>Av. Atl\u00e2ntica 1130 \u2013 6to andar Edif. Atlantic Business Center, Copacabana<\/div>\n<div>Rio de Janeiro &#8211; RJ &#8211; 22.250-040<\/div>\n<div>Tel\u00e9fono: +5521 2553.6030<\/div>\n<div>Tel\u00e9fono de Guardia: +55 21 98052 9457<\/div>\n<div>E-mail:\u00a0<a href=\"mailto:cgriojaneiro@mrree.gub.uy\">cgriojaneiro@mrree.gub.uy<\/a><\/div>\n<div id=\"j3\" class=\"jurisTitulo collapsed\">Jurisdicci\u00f3n: Estados de Rio de Janeiro, Esp\u00edrito Santo y Bah\u00eda.<\/div>\n<hr \/>\n<div class=\"reparticion\"><strong>Consulado Geral em Porto Alegre<\/strong><\/div>\n<div>Av. 24 de Outubro 850 sala 305<\/div>\n<div>Porto Alegre &#8211; RS &#8211; 90.510-000<\/div>\n<div>Tel\u00e9fono: +5551 3325 6197<\/div>\n<div>Tel\u00e9fono de Guardia: +55 51 9335-3060<\/div>\n<div>E-mail:\u00a0<a href=\"mailto:cgportoalegre@mrree.gub.uy\">cgportoalegre@mrree.gub.uy<\/a><\/div>\n<div id=\"j4\" class=\"jurisTitulo collapsed\">Jurisdicci\u00f3n: Jurisdicci\u00f3n en los Municipios de: Alvorada, Ana Rech, Arvorezinha, Antonio Prado, Albatroz, Alecrim, Alto Alegre, Andr\u00e9 Rocha, Arroio Dos Ratos, Arroio Do Meio, Arroio Do S\u00f3, Anta Gorda, Antonio Prado, Aratiba, Arroio Texeira, Arroio Do Sal, Augusto Pestana, \u00c1urea, Ajuricaba, Alegria, Aguasanta, Bento Gon\u00e7alves, Bel\u00e9m Novo, Buti\u00e1, Barra Do Ribeiro, Boqueir\u00e3o Do Le\u00e3o, Bom Principio, Bom Progresso, Boa Vista Do Burica, Bar\u00e3o Do Cotegipe, Barra\u00e7\u00e3o, Barra Do Rio Azul, Barra Funda, Bom Retiro Do Sul, Barra Do Guarita, Braga, Boa Vista Das Miss\u00f5es, Canoas, Caxias Do Sul, Carlos Barbosa, Campo Bom, Cachoerinha, Charqueada, Cerro Largo, Canela, Cruz Alta, Cidreira, Camob\u00ed, Carazinho, Cap\u00e3o Da Canoa, Constantina, Candelaria, Cerro Branco, Cruz Alta, Caibat\u00e9, Cambar\u00e1 Do Sul, Campinas Das Miss\u00f5es, Crisiumal, C\u00e1ndido Godoi, Coronel Bicaco, Capela Santana, Coxilha, Carlos Gomes, Cai\u00e7ara, Cerro Grande, Campinas Do Sul , Constantina, Cacique Doble, Coqueiros Do Sul, Chapada, Catu\u00edpe, Charr\u00faa, Carmargo, Casca, Dois Irm\u00e3os, Dois Irm\u00e3os Das Miss\u00f5es, David Canabarro, Dr. Mauricio Cardoso, Encantado, Est\u00e2ncia Velha, Esteio, Erechim, Erval Grande, Entre Rios Do Sul, Espumoso, Engenho Velho, Engenho Castro, Esmeralda, Ernestina, Entre Ijuis, Flores Da Cunha, Feliz, Fontoura Xavier, Farroupilha, Frederico Wesphalen, Garibaldi, Gravata\u00ed, Gua\u00edba, Gramado, Guapor\u00e9, Glorinha, Gaurama, Giru\u00e1, Garruchos, Get\u00falio Vargas, Guaran\u00ed Das Miss\u00f5es, Gramado Dos Loureiros, Gramado Xavier, Gentil, Guaviy\u00fa, Horizontina, Humait\u00e1, Ivot\u00ed, Imb\u00e9, Ibirub\u00e1, Iju\u00ed, Ira\u00ed, Itatiba Do Sul, Igrejinha, Independ\u00eancia, Ibirapuit\u00e1, Imigrantes, Ibia\u00e7\u00e1, Ibiraiaras, Ipiranga Do Sul,.Jaquirana, Jacutinga, J\u00f3ia, Lajeado, Lagoa Vermelha, Lomba Grande, Lajeado Do Bugre, Maquin\u00e9, Marau, Machadinho, Mariana Pimentel, Minas Do Le\u00e3o, Mostardas, Mu\u00e7um, Miragu\u00e1, Morrinhos Do Sul, Mariano Moro, Marcelino Ramos, Mato Castelhano, Maximiliano De Almeida, Morma\u00e7o, Montaur\u00ed, N\u00e3o Me Toque, Nonoai, Nova Alvorada, Nova Brescia, Nova Hartz, Nova Petr\u00f3polis, Nova Prata, Nova Santa Rita, Novo Hamburgo, Nova Milano, Novo Machado, Novo Tiradentes, Nova Bassano, Novo Ara\u00e7\u00e1, Nova Prata, Os\u00f3rio, Passo Fundo, Porto Alegre, Picada Caf\u00e9, Palmares Do Sul, Port\u00e3o Panamb\u00ed, Parob\u00e9, Para\u00ed, Pir\u00e2o, Porto Xavier, Palmeira Das Miss\u00f5es, Porto Mau\u00e3, Porto Vera Cruz, Porto Lucena, Palmitinho, Planalto, Ponte Preta, P\u00e1dua, Putinga, Progresso, Pousso Novo, Passo Do Sobrado, Prata, Pont\u00e3o, Peju\u00e7ara, Para\u00edso Do Sul, Rodeio Bonito, R\u00edo Pardo, Redentor, Rolante, Rio Dos Indios, Ronda Alta, Rondinha, Roca Sales, Riozinho, Santo Angelo, Santa Rosa, S\u00e3o Francisco De Paula, Salvador Do Sul, Santo Antonio Da Patrulha, Santa Cruz Do Sul, S\u00e3o Leopoldo, Sapiranga, S\u00e3o Sebasti\u00e3o Do Ca\u00ed, Sarand\u00ed, S\u00e3o Jer\u00f4nimo, Sapucaia Do Sul, S\u00e3o Leopoldo Do Sul, S\u00e3o Marcos, Santo Augusto, Santo Cristo, Soledade, S\u00e3o Miguel Das Miss\u00f5es, S\u00e3o Luiz Gon\u00e7aga, S\u00e3o Nicolau, S\u00e3o Jos\u00e9 Dos Ausentes, S\u00e3o Paulo Das Miss\u00f5es, Santo Antonio Das Miss\u00f5es, S\u00e3o Martinho, Santo Augusto, Sede Nova, S\u00e3o Val\u00e9rio Do Sul, S\u00e3o Jos\u00e9 Do Ouro, S\u00e3o Jos\u00e9 Da Urtiga, Serafina Corr\u00eaa, Santo Expedito Do Sul, Seber\u00ed, Segredo, Saldanha Marinho, Santa B\u00e1rbara Do Sul, Santa Clara Do Sul, S\u00e3o Valent\u00edn Do Sul, S\u00e3o Jos\u00e9 Do Herval, Severiano De Almeida. Salto Jacu\u00ed, Sananduva, Sagrada Fam\u00edlia, S\u00e3o Jorge, Santo Domingo Do Sul, Santo Ant\u00f4nio Do Palma, Torres, Tramanda\u00ed, Taquara, Taquar\u00ed, Tapera, Tr\u00eas De Maio, Tr\u00eas Coroas, Tristeza, Tr\u00eas Passos, Tapes, Triunfo, Tiradente, Tucunduva, Tiradendes Do Sul, Tenente Portela, Tr\u00eas Forquilhas, Tr\u00eas Cachoeiras, Tapejara, Tr\u00eas Arroios, Turu\u00e7\u00fa, Viam\u00e3o, Vacaria, Ven\u00e2ncio Aires, Veran\u00f3polis, Vera Cruz, Vit\u00f3ria Das Miss\u00f5es, Vista Alegre, Vicente Dutra, Victor Graeff, Uni\u00e3o Da Serra, Xangril\u00e1.<\/div>\n<hr \/>\n<div class=\"reparticion\"><strong>Consulado de Distrito en Bag\u00e9<\/strong><\/div>\n<div>Av. Marechal Deodoro 150 \u2013 Bag\u00e9, Centro<\/div>\n<div>Bag\u00e9 &#8211; RS &#8211; 96.400-010<\/div>\n<div>Tel\u00e9fono de Guardia: +55 53 99993-7485<\/div>\n<div>E-mail:\u00a0<a href=\"mailto:cdbage@mrree.gub.uy\">cdbage@mrree.gub.uy<\/a><\/div>\n<div id=\"j8\" class=\"jurisTitulo collapsed\">Jurisdicci\u00f3n: Jurisdicci\u00f3n en los Municipios de: Acegu\u00e1, Bag\u00e9, Candiota, Hulla Negra<\/div>\n<hr \/>\n<div class=\"reparticion\"><strong>Consulado de Distrito en Chu\u00ed<\/strong><\/div>\n<div>Rua Venezuela 311<\/div>\n<div>Chuy &#8211; RS &#8211; 96.255-000<\/div>\n<div>Tel\u00e9fono de Guardia: +598 92 790 867 &#8211; +55 53 99920 4473<\/div>\n<div>E-mail:\u00a0<a href=\"mailto:cdchui@mrree.gub.uy\">cdchui@mrree.gub.uy<\/a><\/div>\n<div id=\"j9\" class=\"jurisTitulo collapsed\">Jurisdicci\u00f3n: Acegu\u00e1, Bag\u00e9, Candiota, Hulla Negra<\/div>\n<hr \/>\n<div class=\"reparticion\"><strong>Consulado de Distrito en Livramento<\/strong><\/div>\n<div>Av. Tamandar\u00e9 2101 \u2013 Piso 4. Salas 401, 402 Y 403, Centro<\/div>\n<div>Santana do Livramento &#8211; RS &#8211; 97.573-531<\/div>\n<div>Tel\u00e9fono de Guardia: +55 55 99938 6269 &#8211; +598 9216 8115<\/div>\n<div>E-mail:\u00a0<a href=\"mailto:cdlivramento@mrree.gub.uy\">cdlivramento@mrree.gub.uy<\/a><\/div>\n<div id=\"j12\" class=\"jurisTitulo collapsed\">Jurisdicci\u00f3n: Munic\u00edpio de Chu\u00ed e Santana Vit\u00f3ria do Palmar.<\/div>\n<hr \/>\n<div class=\"reparticion\"><strong>Consulado de Distrito en Quara\u00ed<\/strong><\/div>\n<div>Francisco Carlos Reverbel 348<\/div>\n<div>Quara\u00ed &#8211; RS &#8211; 97.560-000<\/div>\n<div>Tel\u00e9fono de Guardia: +55 55 8432 1669 &#8211; +55 55 99731 6538<\/div>\n<div>E-mail:\u00a0<a href=\"mailto:cdquarai@mrree.gub.uy\">cdquarai@mrree.gub.uy<\/a><\/div>\n<div id=\"j15\" class=\"jurisTitulo collapsed\">Jurisdicci\u00f3n: Municipios de: Sant\u2019Ana do Livramento, Agudo, Ca\u00e7apava do Sul, Cacequi, Cachoeira do Sul, Dilermando de Aguiar, Dom Pedrito, Dona Francicsca, Faxinal do Soturno, Formigueiro, Itaar\u00e1, Ivor\u00e1, Jari, Julio de Castilhos, Lavras do Sul, Mata, Nova Palma, Pinhal Grande, Quevedos, Restinga Seca, Ros\u00e1rio do Sul, Santa Maria, Santa Margarida do Sul, S\u00e3o Gabriel, S\u00e3o Jo\u00e3o de Polinese, S\u00e3o Martinho da Serra, S\u00e3o Pedro do Sul, S\u00e3o Sep\u00e9, S\u00e3o Vicente do Sul, Silveira Martins, Toropi, Tupanciret\u00e2, Vila Nova do Sul.<\/div>\n<hr \/>\n<div class=\"reparticion\"><strong>Consulado de Distrito en Yaguar\u00f3n<\/strong><\/div>\n<div>Av. 27 de Janeiro N\u00ba 701, Centro<\/div>\n<div>Jaguar\u00e3o &#8211; RS &#8211; 96.300-000<\/div>\n<div>Tel\u00e9fono de Guardia: +55 53 99167 2610<\/div>\n<div>E-mail:\u00a0<a href=\"mailto:cdyaguaron@mrree.gub.uy\">cdyaguaron@mrree.gub.uy<\/a><\/div>\n<div id=\"j16\" class=\"jurisTitulo collapsed\">Jurisdicci\u00f3n: Municipios de: Yaguar\u00f3n, Arroio Grande, Herval, Pedro Osorio, Pinheiro Machado, Piratini, Santana da Boa Vista.<\/div>\n<hr \/>\n<div class=\"reparticion\"><strong>Consulado General en Florian\u00f3polis<\/strong><\/div>\n<div>Oswaldo Rodrigues Cabral, 1570 \u2013 Sala 115 &#8211; Centro<\/div>\n<div>Florian\u00f3polis &#8211; SC &#8211; 88015-710<\/div>\n<div>Tel\u00e9fono: +5548 3222.3718<\/div>\n<div>Tel\u00e9fono de Guardia: +55 48 8481 9385<\/div>\n<div>E-mail:\u00a0<a href=\"mailto:cgflorianopolis@mrree.gub.uy\">cgflorianopolis@mrree.gub.uy<\/a><\/div>\n<div id=\"j5\" class=\"jurisTitulo collapsed\">Jurisdicci\u00f3n: Estado de Santa Catarina.<\/div>\n<hr \/>\n<div class=\"reparticion\"><strong>Consulado de Distrito en Belo Horizonte<\/strong><\/div>\n<div>Av. Do Contorno n\u00ba 6777. Piso 13. Esc. 1301<\/div>\n<div>Belo Horizonte &#8211; MG &#8211; 30.110-935<\/div>\n<div>Tel\u00e9fono: +5531 32967527<\/div>\n<div>Tel\u00e9fono de Guardia: +55 31 98661 3880<\/div>\n<div>E-mail:\u00a0<a href=\"mailto:cdbelohorizonte@mrree.gub.uy\">cdbelohorizonte@mrree.gub.uy<\/a><\/div>\n<div id=\"j11\" class=\"jurisTitulo collapsed\">Jurisdicci\u00f3n: Estado de Minas Gerais.<\/div>\n<hr \/>\n<div class=\"reparticion\"><strong>Consulado de Distrito en Fortaleza &#8211; (Honorario)<\/strong><\/div>\n<div>Avenida Santos Dumont, 6740, sala 1511-G, Merit Offices Mall<\/div>\n<div>Coc\u00f3 &#8211; Fortaleza &#8211; CE &#8211; 60192-022<\/div>\n<div>Tel\u00e9fono de Guardia: +55 85 98722 2848<\/div>\n<div>E-mail:\u00a0<a href=\"mailto:cdfortaleza@mrree.gub.uy\">cdfortaleza@mrree.gub.uy<\/a><\/div>\n<div id=\"j10\" class=\"jurisTitulo collapsed\">Jurisdicci\u00f3n: Estado de Cear\u00e1.<\/div>\n<hr \/>\n<div class=\"reparticion\"><strong>Consulado de Distrito en Pernambuco &#8211; (Honorario)<\/strong><\/div>\n<div>Rua Prudente de Morais, 281, Carmo<\/div>\n<div>Olinda &#8211; PE &#8211; 53.020-140<\/div>\n<div>Tel\u00e9fono de Guardia: +55 81 98546 9097<\/div>\n<div>E-mail:\u00a0<a href=\"mailto:cdolinda@mrree.gub.uy\">cdolinda@mrree.gub.uy<\/a><\/div>\n<div id=\"j14\" class=\"jurisTitulo collapsed\">Jurisdicci\u00f3n: Estado de Pernambuco<\/div>\n<\/div>","protected":false},"excerpt":{"rendered":"<p>Secci\u00f3n Consular de la Embajada de Uruguay en Bras\u00edlia Avenida das Nac\u00f5es, Qd. 803 Lote 14 \u2013 Setor de Embaixadas [&hellip;]<\/p>","protected":false},"author":1,"featured_media":0,"parent":0,"menu_order":13,"comment_status":"closed","ping_status":"closed","template":"","meta":{"_acf_changed":false,"footnotes":""},"class_list":["post-1027","page","type-page","status-publish","hentry"],"acf":[],"_links":{"self":[{"href":"https:\/\/cgsanpablo.com\/pt\/wp-json\/wp\/v2\/pages\/1027","targetHints":{"allow":["GET"]}}],"collection":[{"href":"https:\/\/cgsanpablo.com\/pt\/wp-json\/wp\/v2\/pages"}],"about":[{"href":"https:\/\/cgsanpablo.com\/pt\/wp-json\/wp\/v2\/types\/page"}],"author":[{"embeddable":true,"href":"https:\/\/cgsanpablo.com\/pt\/wp-json\/wp\/v2\/users\/1"}],"replies":[{"embeddable":true,"href":"https:\/\/cgsanpablo.com\/pt\/wp-json\/wp\/v2\/comments?post=1027"}],"version-history":[{"count":0,"href":"https:\/\/cgsanpablo.com\/pt\/wp-json\/wp\/v2\/pages\/1027\/revisions"}],"wp:attachment":[{"href":"https:\/\/cgsanpablo.com\/pt\/wp-json\/wp\/v2\/media?parent=1027"}],"curies":[{"name":"wp","href":"https:\/\/api.w.org\/{rel}","templated":true}]}}